{"id":879,"date":"2026-04-09T12:56:39","date_gmt":"2026-04-09T10:56:39","guid":{"rendered":"https:\/\/www.administor.sk\/?post_type=product&#038;p=879"},"modified":"2026-04-09T13:20:22","modified_gmt":"2026-04-09T11:20:22","slug":"debt-free-life-framework-google-sheets-template","status":"publish","type":"product","link":"https:\/\/www.administor.sk\/it\/produkt\/debt-free-life-framework-google-sheets-template\/","title":{"rendered":"Debt free life Framework (Google Sheets template)"},"content":{"rendered":"<h2><span class=\"ez-toc-section\" id=\"Moj_pribeh_Od_stresu_k_jasnemu_planu\"><\/span>M\u00f4j pr\u00edbeh: Od stresu k jasn\u00e9mu pl\u00e1nu<span class=\"ez-toc-section-end\"><\/span><\/h2>\n<p>\u017divot freelancera je jazda na horskej dr\u00e1he. S\u00fa mesiace, kedy sa dar\u00ed skvele, a mesiace, kedy \u010dlovek po\u010d\u00edta ka\u017ed\u00e9 euro. V priemere s\u00edce zvl\u00e1dneme zaplati\u0165 v\u0161etko, \u010do treba, ale \u010dasto je to vyk\u00fapen\u00e9 stresom a kompromismi na \u00fakor vo\u013en\u00e9ho \u010dasu alebo osobn\u00fdch radost\u00ed.<\/p>\n<p>V apr\u00edli 2028 je term\u00edn <strong>mojej 50. narodeninovej oslavy<\/strong>.\u00a0To je vek, kedy u\u017e \u010dlovek nechce rie\u0161i\u0165, \u010di \u201evyd\u00e1 na spl\u00e1tku\u201c, ale chce ma\u0165 komfort nielen v \u017eivote, ale hlavne vo financi\u00e1ch. M\u00f4j cie\u013e je jasn\u00fd: vst\u00fapi\u0165 do druhej polovice storo\u010dia <strong>\u00faplne bez dlhov<\/strong>. Chcem, aby peniaze, ktor\u00e9 dnes \u201epohlcuj\u00fa\u201c banky, sl\u00fa\u017eili na m\u00f4j pohodln\u00fd \u017eivot, cestovanie a budovanie skuto\u010dn\u00e9ho majetku na d\u00f4chodok.<\/p>\n<div id=\"ez-toc-container\" class=\"ez-toc-v2_0_82_2 counter-hierarchy ez-toc-counter ez-toc-custom ez-toc-container-direction\">\n<div class=\"ez-toc-title-container\">\n<p class=\"ez-toc-title\" style=\"cursor:inherit\">Obsah<\/p>\n<span class=\"ez-toc-title-toggle\"><a href=\"#\" class=\"ez-toc-pull-right ez-toc-btn ez-toc-btn-xs ez-toc-btn-default ez-toc-toggle\" aria-label=\"Toggle Table of Content\"><span class=\"ez-toc-js-icon-con\"><span class=\"\"><span class=\"eztoc-hide\" style=\"display:none;\">Toggle<\/span><span class=\"ez-toc-icon-toggle-span\"><svg style=\"fill: #999;color:#999\" xmlns=\"http:\/\/www.w3.org\/2000\/svg\" class=\"list-377408\" width=\"20px\" height=\"20px\" viewBox=\"0 0 24 24\" fill=\"none\"><path d=\"M6 6H4v2h2V6zm14 0H8v2h12V6zM4 11h2v2H4v-2zm16 0H8v2h12v-2zM4 16h2v2H4v-2zm16 0H8v2h12v-2z\" fill=\"currentColor\"><\/path><\/svg><svg style=\"fill: #999;color:#999\" class=\"arrow-unsorted-368013\" xmlns=\"http:\/\/www.w3.org\/2000\/svg\" width=\"10px\" height=\"10px\" viewBox=\"0 0 24 24\" version=\"1.2\" baseProfile=\"tiny\"><path d=\"M18.2 9.3l-6.2-6.3-6.2 6.3c-.2.2-.3.4-.3.7s.1.5.3.7c.2.2.4.3.7.3h11c.3 0 .5-.1.7-.3.2-.2.3-.5.3-.7s-.1-.5-.3-.7zM5.8 14.7l6.2 6.3 6.2-6.3c.2-.2.3-.5.3-.7s-.1-.5-.3-.7c-.2-.2-.4-.3-.7-.3h-11c-.3 0-.5.1-.7.3-.2.2-.3.5-.3.7s.1.5.3.7z\"\/><\/svg><\/span><\/span><\/span><\/a><\/span><\/div>\n<nav><ul class='ez-toc-list ez-toc-list-level-1 ' ><li class='ez-toc-page-1 ez-toc-heading-level-2'><a class=\"ez-toc-link ez-toc-heading-1\" href=\"https:\/\/www.administor.sk\/it\/produkt\/debt-free-life-framework-google-sheets-template\/#Moj_pribeh_Od_stresu_k_jasnemu_planu\" >M\u00f4j pr\u00edbeh: Od stresu k jasn\u00e9mu pl\u00e1nu<\/a><\/li><li class='ez-toc-page-1 ez-toc-heading-level-2'><a class=\"ez-toc-link ez-toc-heading-2\" href=\"https:\/\/www.administor.sk\/it\/produkt\/debt-free-life-framework-google-sheets-template\/#Riesenie_Debt_Free_Life_Framework\" >Rie\u0161enie: Debt Free Life Framework<\/a><\/li><li class='ez-toc-page-1 ez-toc-heading-level-2'><a class=\"ez-toc-link ez-toc-heading-3\" href=\"https:\/\/www.administor.sk\/it\/produkt\/debt-free-life-framework-google-sheets-template\/#Co_presne_kupujete\" >\u010co presne kupujete?<\/a><ul class='ez-toc-list-level-3' ><li class='ez-toc-heading-level-3'><a class=\"ez-toc-link ez-toc-heading-4\" href=\"https:\/\/www.administor.sk\/it\/produkt\/debt-free-life-framework-google-sheets-template\/#Metodologia\" >Metodol\u00f3gia<\/a><\/li><\/ul><\/li><\/ul><\/nav><\/div>\n\n<h2><span class=\"ez-toc-section\" id=\"Riesenie_Debt_Free_Life_Framework\"><\/span>Rie\u0161enie: Debt Free Life Framework<span class=\"ez-toc-section-end\"><\/span><\/h2>\n<p>Ke\u010f\u017ee som program\u00e1tor, vytvoril som si syst\u00e9m. N\u00e1stroj, ktor\u00fd m\u00e1 jasne vyt\u00fd\u010den\u00fd cie\u013e a nekompromisn\u00fd term\u00edn. Tento framework mi ka\u017ed\u00fd de\u0148 ukazuje progres, motivuje ma hviezdi\u010dkami a hlavne mi d\u00e1va d\u00e1ta o tom, ktor\u00fd typ m\u00f4jho pr\u00edjmu ma pos\u00fava k slobode najr\u00fdchlej\u0161ie a ktor\u00fd je len zbyto\u010dn\u00e1 z\u00e1\u0165a\u017e.<\/p>\n<p><strong>V\u00e4\u010d\u0161ina z n\u00e1s m\u00e1 l\u00edzing, hypot\u00e9ku alebo spotrebn\u00fd \u00faver. Ja nie som v\u00fdnimka.<\/strong> Pripravil som tento syst\u00e9m, aby pomohol v\u00e1m z\u00edska\u0165 kontrolu a preh\u013ead. Ak si ho k\u00fapite, pom\u00f4\u017eete t\u00fdm z\u00e1rove\u0148 mne na mojej vlastnej ceste k nule. Sme v tom spolu.<\/p>\n<blockquote><p><strong>Uv\u00e1dzacia cena 24,90 \u20ac<\/strong> je platn\u00e1 len pre prv\u00fdch 50 n\u00e1kupov.<\/p><\/blockquote>\n<h2><span class=\"ez-toc-section\" id=\"Co_presne_kupujete\"><\/span>\u010co presne kupujete?<span class=\"ez-toc-section-end\"><\/span><\/h2>\n<p data-path-to-node=\"11,0,0\">Tento digit\u00e1lny produkt je postaven\u00fd pre <strong>Google Sheets<\/strong>, \u010do v\u00e1m umo\u017e\u0148uje ma\u0165 svoj finan\u010dn\u00fd pl\u00e1n dostupn\u00fd na mobile, tablete aj desktope. Pripravil som pre v\u00e1s pokro\u010dil\u00fa <b data-path-to-node=\"11,1,0\" data-index-in-node=\"17\">Google Sheets \u0161abl\u00f3nu (Google Sheets template)<\/b> s naprogramovan\u00fdmi vzorcami a logikou, ktor\u00fa si jednoducho zduplikujete do svojich Google dokumentov. V Google Sheets \u0161abl\u00f3ne n\u00e1jdete:<\/p>\n<ul>\n<li><strong>Performance Dashboard:<\/strong> Okam\u017eit\u00fd vizu\u00e1lny preh\u013ead o stave v\u00e1\u0161ho dlhu.<\/li>\n<li><strong>Dynamick\u00fd Burndown Chart:<\/strong> Graf, ktor\u00fd v re\u00e1lnom \u010dase reaguje na ka\u017ed\u00fd v\u00e1\u0161 \u00faspe\u0161n\u00fd de\u0148.<\/li>\n<li><strong>Gamifik\u00e1cia progresu:<\/strong> Motiv\u00e1cia pomocou syst\u00e9mu hviezdi\u010diek a percentu\u00e1lneho plnenia cie\u013ea.<\/li>\n<li><strong>Vizu\u00e1lna motiv\u00e1cia:<\/strong> Ke\u010f sa dar\u00ed, bunky dokumentu sa zelenaj\u00fa, ke\u010f dlh rastie, tak sa \u010dervenaj\u00fa.<\/li>\n<\/ul>\n<h3><span class=\"ez-toc-section\" id=\"Metodologia\"><\/span>Metodol\u00f3gia<span class=\"ez-toc-section-end\"><\/span><\/h3>\n<ul>\n<li><strong>Net Balance Logic:<\/strong> Syst\u00e9m nepo\u010d\u00edta len spl\u00e1tky, ale v\u00e1\u0161 celkov\u00fd denn\u00fd prebytok, ktor\u00fd skuto\u010dne zni\u017euje dlh.<\/li>\n<li><strong>Income Channels:<\/strong> Sledujte a\u017e 6 r\u00f4znych pr\u00edjmov\u00fdch kan\u00e1lov a zistite, ktor\u00fd v\u00e1s oslobodzuje od dlhu najr\u00fdchlej\u0161ie.<\/li>\n<li><strong>Plug &amp; Play nastavenie:<\/strong> Sta\u010d\u00ed zada\u0165 po\u010diato\u010dn\u00fd dlh a cie\u013eov\u00fd d\u00e1tum \u2013 o zvy\u0161ok sa postar\u00e1 naprogramovan\u00e1 matematika .<\/li>\n<\/ul>\n<p>S\u00fa\u010das\u0165ou bal\u00edka je aj detailn\u00fd 9-stranov\u00fd PDF manu\u00e1l v SK, CZ a EN verzii, ktor\u00fd v\u00e1s prevedie ka\u017ed\u00fdm jedn\u00fdm klikom. Manu\u00e1l obsahuje aj SOS Obnovu, tak\u017ee sa nemus\u00edte b\u00e1\u0165, \u017ee by ste vzorce v Google Sheets \u0161abl\u00f3ne pokazili.<\/p>\n<blockquote><p><strong><span style=\"color: #339966;\">M\u00e1te radi Notion? Vyberte si <a style=\"color: #339966;\" href=\"https:\/\/www.administor.sk\/produkt\/debt-free-life-framework-notion-template\/\">Debt free life framework<\/a> \u0161abl\u00f3nu pre Notion<\/span><\/strong><\/p><\/blockquote>\n","protected":false},"excerpt":{"rendered":"<p>\u017divot freelancera je jazda na horskej dr\u00e1he. S\u00fa mesiace, kedy sa dar\u00ed skvele, a mesiace, kedy \u010dlovek po\u010d\u00edta ka\u017ed\u00e9 euro. V priemere s\u00edce zvl\u00e1dneme zaplati\u0165 v\u0161etko, \u010do treba, ale \u010dasto je to vyk\u00fapen\u00e9 stresom a kompromismi na \u00fakor vo\u013en\u00e9ho \u010dasu alebo osobn\u00fdch radost\u00ed. Rie\u0161enie: Debt Free Life Framework<\/p>\n","protected":false},"featured_media":874,"comment_status":"open","ping_status":"closed","template":"","meta":{"_acf_changed":false},"product_brand":[],"product_cat":[40],"product_tag":[],"class_list":{"0":"post-879","1":"product","2":"type-product","3":"status-publish","4":"has-post-thumbnail","6":"product_cat-ebooky","8":"first","9":"instock","10":"sale","11":"downloadable","12":"virtual","13":"taxable","14":"purchasable","15":"product-type-simple"},"acf":[],"jetpack_sharing_enabled":true,"_links":{"self":[{"href":"https:\/\/www.administor.sk\/it\/wp-json\/wp\/v2\/product\/879","targetHints":{"allow":["GET"]}}],"collection":[{"href":"https:\/\/www.administor.sk\/it\/wp-json\/wp\/v2\/product"}],"about":[{"href":"https:\/\/www.administor.sk\/it\/wp-json\/wp\/v2\/types\/product"}],"replies":[{"embeddable":true,"href":"https:\/\/www.administor.sk\/it\/wp-json\/wp\/v2\/comments?post=879"}],"wp:featuredmedia":[{"embeddable":true,"href":"https:\/\/www.administor.sk\/it\/wp-json\/wp\/v2\/media\/874"}],"wp:attachment":[{"href":"https:\/\/www.administor.sk\/it\/wp-json\/wp\/v2\/media?parent=879"}],"wp:term":[{"taxonomy":"product_brand","embeddable":true,"href":"https:\/\/www.administor.sk\/it\/wp-json\/wp\/v2\/product_brand?post=879"},{"taxonomy":"product_cat","embeddable":true,"href":"https:\/\/www.administor.sk\/it\/wp-json\/wp\/v2\/product_cat?post=879"},{"taxonomy":"product_tag","embeddable":true,"href":"https:\/\/www.administor.sk\/it\/wp-json\/wp\/v2\/product_tag?post=879"}],"curies":[{"name":"wp","href":"https:\/\/api.w.org\/{rel}","templated":true}]}}