{"id":786,"date":"2024-06-14T21:39:01","date_gmt":"2024-06-14T19:39:01","guid":{"rendered":"https:\/\/www.administor.sk\/contatto\/"},"modified":"2025-03-16T22:26:05","modified_gmt":"2025-03-16T21:26:05","slug":"contatto","status":"publish","type":"page","link":"https:\/\/www.administor.sk\/it\/contatto\/","title":{"rendered":"Contatto"},"content":{"rendered":"\n<p>Tutti i contatti disponibili in un unico posto. Non ci nascondiamo. Perch\u00e9 dovremmo farlo?  <\/p>\n\n<p>Rispondiamo alle e-mail e alle telefonate dei clienti, non accettiamo depositi in anticipo, quello che promettiamo lo manteniamo. Lavoriamo con piccole aziende, grandi clienti e agenzie pubblicitarie. Puoi trovare maggiori informazioni sul nostro lavoro e sui nostri progetti alla pagina <a href=\"https:\/\/www.administor.sk\/spoluprace-projekty\/\" data-type=\"page\" data-id=\"96\">Collaborazioni, Progetti<\/a> o <a href=\"https:\/\/www.administor.sk\/referencie\/\" data-type=\"page\" data-id=\"41\">Referenze<\/a>.    <\/p>\n\n<div class=\"wp-block-columns is-layout-flex wp-container-core-columns-is-layout-9d6595d7 wp-block-columns-is-layout-flex\">\n<div class=\"wp-block-column is-layout-flow wp-block-column-is-layout-flow\">\n<h2 class=\"wp-block-heading\">Dettagli di contatto<\/h2>\n\n\n\n<p>Administ\u00f6r s.r.o.<br\/>Partiz\u00e1nska 800\/17<br\/>Tren\u010d\u00edn 911 01<\/p>\n\n\n\n<p>I\u010cO: 48 252 034<br\/>DI\u010c\/I\u010c DPH: SK212 010 6802<\/p>\n\n\n\n<p>L&#8217;azienda \u00e8 iscritta nel Registro delle Imprese del Tribunale di Tren\u010d\u00edn, Sezione Sro, Inserto n.  <a href=\"https:\/\/www.orsr.sk\/vypis.asp?ID=331324&amp;SID=6&amp;P=0\" target=\"_blank\" rel=\"noreferrer noopener\">31887\/R<\/a><\/p>\n\n\n\n<h3 class=\"wp-block-heading\">Contatti online<\/h3>\n\n\n\n<p>Solo per chiacchierare: <a href=\"mailto:bezstarosti@administor.sk\">bezstarosti@administor.sk<\/a><br\/>Consulenza, riparazione: <a href=\"mailto:podpora@administor.sk\">podpora@administor.sk<\/a><br\/>Chiamata urgente: <a href=\"tel:%20+421904488148\">+421 904 488 148<\/a><\/p>\n<\/div>\n\n\n\n<div class=\"wp-block-column is-layout-flow wp-block-column-is-layout-flow\">\n<h2 class=\"wp-block-heading\">Scrivici<\/h2>\n\n\n\n<p>Da bravi webmaster, siamo online quasi sempre, quindi non dovrai aspettare molto per avere una risposta. Compila il modulo sottostante e la risposta arriver\u00e0 molto rapidamente. <\/p>\n\n\n\n<div class=\"wp-block-contact-form-7-contact-form-selector\">\n<div class=\"wpcf7 no-js\" id=\"wpcf7-f813-o1\" lang=\"it-IT\" dir=\"ltr\" data-wpcf7-id=\"813\">\n<div class=\"screen-reader-response\"><p role=\"status\" aria-live=\"polite\" aria-atomic=\"true\"><\/p> <ul><\/ul><\/div>\n<form action=\"\/it\/wp-json\/wp\/v2\/pages\/786#wpcf7-f813-o1\" method=\"post\" class=\"wpcf7-form init\" aria-label=\"Modulo di contatto\" novalidate=\"novalidate\" data-status=\"init\">\n<fieldset class=\"hidden-fields-container\"><input type=\"hidden\" name=\"_wpcf7\" value=\"813\" \/><input type=\"hidden\" name=\"_wpcf7_version\" value=\"6.1.5\" \/><input type=\"hidden\" name=\"_wpcf7_locale\" value=\"it_IT\" \/><input type=\"hidden\" name=\"_wpcf7_unit_tag\" value=\"wpcf7-f813-o1\" \/><input type=\"hidden\" name=\"_wpcf7_container_post\" value=\"0\" \/><input type=\"hidden\" name=\"_wpcf7_posted_data_hash\" value=\"\" \/>\n<\/fieldset>\n<div class=\"wpcf7-turnstile cf-turnstile\" data-sitekey=\"0x4AAAAAAAeM8QLiXqFWbVtG\" data-response-field-name=\"_wpcf7_turnstile_response\"><\/div>\n\n<p><label> Il tuo nome<br \/>\n<span class=\"wpcf7-form-control-wrap\" data-name=\"your-name\"><input size=\"40\" maxlength=\"400\" class=\"wpcf7-form-control wpcf7-text wpcf7-validates-as-required\" autocomplete=\"name\" aria-required=\"true\" aria-invalid=\"false\" value=\"\" type=\"text\" name=\"your-name\" \/><\/span> <\/label>\n<\/p>\n<p><label> Il tuo indirizzo e-mail<br \/>\n<span class=\"wpcf7-form-control-wrap\" data-name=\"your-email\"><input size=\"40\" maxlength=\"400\" class=\"wpcf7-form-control wpcf7-email wpcf7-validates-as-required wpcf7-text wpcf7-validates-as-email\" autocomplete=\"email\" aria-required=\"true\" aria-invalid=\"false\" value=\"\" type=\"email\" name=\"your-email\" \/><\/span> <\/label>\n<\/p>\n<p><label> Oggetto<br \/>\n<span class=\"wpcf7-form-control-wrap\" data-name=\"your-subject\"><input size=\"40\" maxlength=\"400\" class=\"wpcf7-form-control wpcf7-text wpcf7-validates-as-required\" aria-required=\"true\" aria-invalid=\"false\" value=\"\" type=\"text\" name=\"your-subject\" \/><\/span> <\/label>\n<\/p>\n<p><label> Il tuo messaggio\/domanda (facoltativo)<br \/>\n<span class=\"wpcf7-form-control-wrap\" data-name=\"your-message\"><textarea cols=\"40\" rows=\"10\" maxlength=\"2000\" class=\"wpcf7-form-control wpcf7-textarea\" aria-invalid=\"false\" name=\"your-message\"><\/textarea><\/span> <\/label>\n<\/p>\n<p><span class=\"wpcf7-form-control-wrap\" data-name=\"gdpr\"><span class=\"wpcf7-form-control wpcf7-acceptance\"><span class=\"wpcf7-list-item\"><label><input type=\"checkbox\" name=\"gdpr\" value=\"1\" aria-invalid=\"false\" \/><span class=\"wpcf7-list-item-label\">Acconsento al trattamento dei miei dati personali per scopi di comunicazione<\/span><\/label><\/span><\/span><\/span>\n<\/p>\n<div class=\"wpcf7-textright\">\n\t<p><div class=\"cf7-cf-turnstile\" style=\"margin-top: 0px; margin-bottom: -15px;\"> <div id=\"cf-turnstile-cf7-1493821365\" class=\"cf-turnstile\" data-callback=\"turnstileCF7Callback\" data-sitekey=\"0x4AAAAAAAeM8QLiXqFWbVtG\" data-theme=\"auto\" data-language=\"auto\" data-size=\"normal\" data-retry=\"auto\" data-retry-interval=\"1000\" data-refresh-expired=\"auto\" data-refresh-timeout=\"auto\" data-action=\"contact-form-7\" data-callback=\"turnstileCF7Callback\" data-error-callback=\"cfturnstileErrorCallback\" data-appearance=\"interaction-only\"><\/div> <div class=\"cf-turnstile-failed-text cf-turnstile-failed-text-cf7-1493821365\"><\/div> <script> function cfturnstileErrorCallback() { var cfTurnstileFailedText = document.querySelector('.cf-turnstile-failed-text-cf7-1493821365'); cfTurnstileFailedText.innerHTML = '<p><i>Failed to verify you are human. Please contact us if you are having issues.<\/i><\/p>'; } function cfturnstileCallback() { var cfTurnstileFailedText = document.querySelector('.cf-turnstile-failed-text-cf7-1493821365'); cfTurnstileFailedText.innerHTML = ''; } <\/script> <style>.wpcf7-submit { pointer-events: none; opacity: 0.5; }<\/style> <script>document.addEventListener(\"DOMContentLoaded\", function() { setTimeout(function(){ var e=document.getElementById(\"cf-turnstile-cf7-1493821365\"); if(e&&!e.innerHTML.trim()){turnstile.render(e, {sitekey:\"0x4AAAAAAAeM8QLiXqFWbVtG\"});} }, 200); });<\/script> <style>#cf-turnstile-cf7-1493821365 iframe { margin-bottom: 15px; }<\/style> <style>#cf-turnstile-cf7-1493821365 { margin-left: -15px; }<\/style> <script>document.addEventListener(\"DOMContentLoaded\",function(){document.querySelectorAll('.wpcf7-form').forEach(function(e){e.addEventListener('submit',function(){if(document.getElementById('cf-turnstile-cf7-1493821365')){setTimeout(function(){turnstile.reset('#cf-turnstile-cf7-1493821365');},1000)}})})});<\/script> <\/div><br\/><input class=\"wpcf7-form-control wpcf7-submit has-spinner\" type=\"submit\" value=\"Invia a\" \/>\n\t<\/p>\n<\/div><div class=\"wpcf7-response-output\" aria-hidden=\"true\"><\/div>\n<\/form>\n<\/div>\n<\/div>\n<\/div>\n\n\n\n<div class=\"wp-block-column is-layout-flow wp-block-column-is-layout-flow\">\n<figure class=\"wp-block-image size-full\"><img data-recalc-dims=\"1\" loading=\"lazy\" decoding=\"async\" width=\"400\" height=\"533\" src=\"https:\/\/i0.wp.com\/www.administor.sk\/wp-content\/uploads\/2025\/02\/contact-4a.jpg?resize=400%2C533&#038;ssl=1\" alt=\"Contattaci +421 904 488 148, podpora@administor.sk\" class=\"wp-image-499\" srcset=\"https:\/\/i0.wp.com\/www.administor.sk\/wp-content\/uploads\/2025\/02\/contact-4a.jpg?w=400&amp;ssl=1 400w, https:\/\/i0.wp.com\/www.administor.sk\/wp-content\/uploads\/2025\/02\/contact-4a.jpg?resize=225%2C300&amp;ssl=1 225w\" sizes=\"auto, (max-width: 400px) 100vw, 400px\" \/><\/figure>\n<\/div>\n<\/div>\n\n<div style=\"height:30px\" aria-hidden=\"true\" class=\"wp-block-spacer\"><\/div>\n\n<h2 class=\"wp-block-heading\">Risposte brevi ad alcune delle tue domande<\/h2>\n\n<ol class=\"wp-block-list\">\n<li><strong>Quanto tempo ci vuole per produrre una pagina semplice?<\/strong><br\/>Puoi avere un sito semplice e informativo online in tempi brevissimi. Insieme elaboreremo una struttura di contenuti, sceglieremo un modello adatto e prepareremo la pagina a partire dai documenti forniti nel giro di pochi giorni. Informazioni pi\u00f9 dettagliate sono disponibili alla pagina <a href=\"https:\/\/www.administor.sk\/sluzby\/\" data-type=\"page\" data-id=\"118\">Servizi<\/a>.  <\/li>\n\n\n\n<li><strong>Posso occuparmi del sito da solo o devo sempre aspettarti per ogni piccola cosa?<\/strong><br\/>Tu o i tuoi dipendenti potrete occuparvi dei contenuti del sito. Una volta consegnata la pagina, riceverai una formazione che ti permetter\u00e0 di sapere cosa c&#8217;\u00e8 e come modificarlo. Tuttavia, lascia a noi la manutenzione tecnica: nell&#8217;articolo <a href=\"https:\/\/www.administor.sk\/navody-napady\/ako-sa-starame-o-stranky-klientov\/\" data-type=\"post\" data-id=\"137\">Come ci prendiamo cura dei siti web dei nostri clienti<\/a> abbiamo scritto cosa comporta tutto questo.   <\/li>\n\n\n\n<li><strong>Ho il mio vecchio sito e vorrei migliorarlo. \u00c8 possibile o devo farne fare uno completamente nuovo? <\/strong><br\/>Lo far\u00e0 e non lo far\u00e0. Valuteremo questo aspetto su base individuale, poich\u00e9 ogni sito \u00e8 diverso. Poich\u00e9 siamo veri programmatori, possiamo risparmiare e innovare molte cose. Consigliamo un sito completamente nuovo solo se ha senso dal punto di vista economico e se i costi non superano i benefici.   <\/li>\n\n\n\n<li><strong>Vogliamo un nuovo sito web con un eshop e abbiamo un budget di 700 \u20ac. Puoi rientrare in questa cifra? <\/strong><br\/>Il sito web \u00e8 il tuo dipendente che non si ammala, non ha bisogno di pause e non chiede bonus almeno due volte l&#8217;anno. Insieme all&#8217;eshop, ti fa guadagnare quando dormi, quando vai in vacanza e persino quando sei malato. La risposta \u00e8 &#8220;No, non ci stiamo&#8221;. La nostra esperienza parla chiaro:   <\/li>\n<\/ol>\n\n<div class=\"center-content\"><div class=\"bq-box\"><i class=\"fas fa-quote-left fa2\"><\/i>\n  <div class=\"text\"><i class=\"fas fa-quote-right fa1\"><\/i>\n    <div>\n      <h3>L&#8217;esperienza ci insegna che<\/h3>\n      <p>Sia i siti web costosi che quelli economici alla fine avranno lo stesso costo. Se risparmi ora, in futuro avrai costi maggiori, nervi scoperti e perdite di tempo per le riparazioni. Tieni conto di questo aspetto quando ti accingi a pianificare l&#8217;acquisto di un nuovo sito web.  <\/p>\n    <\/div>\n  <\/div>\n<\/div><\/div>\n\n<div style=\"height:30px\" aria-hidden=\"true\" class=\"wp-block-spacer\"><\/div>\n\n<div class=\"wp-block-buttons is-content-justification-center is-layout-flex wp-container-core-buttons-is-layout-16018d1d wp-block-buttons-is-layout-flex\">\n<div class=\"wp-block-button btn-team\"><a class=\"wp-block-button__link wp-element-button\" href=\"#main\"><strong>Torna ai contatti<\/strong><\/a><\/div>\n<\/div>\n\n<div style=\"height:100px\" aria-hidden=\"true\" class=\"wp-block-spacer\"><\/div>\n","protected":false},"excerpt":{"rendered":"<p>Tutti i contatti disponibili in un unico posto. Non ci nascondiamo. Perch\u00e9 dovremmo farlo? Rispondiamo alle e-mail e alle telefonate dei clienti, non accettiamo depositi in anticipo, quello che promettiamo lo manteniamo. Lavoriamo con piccole aziende, grandi clienti e agenzie pubblicitarie. Puoi trovare maggiori informazioni sul nostro lavoro e sui nostri progetti alla pagina Collaborazioni, [&hellip;]<\/p>\n","protected":false},"author":1,"featured_media":0,"parent":0,"menu_order":0,"comment_status":"closed","ping_status":"closed","template":"page-templates\/page-sidebar-none.php","meta":{"_acf_changed":false,"footnotes":""},"class_list":["post-786","page","type-page","status-publish","hentry"],"acf":[],"jetpack_sharing_enabled":true,"_links":{"self":[{"href":"https:\/\/www.administor.sk\/it\/wp-json\/wp\/v2\/pages\/786","targetHints":{"allow":["GET"]}}],"collection":[{"href":"https:\/\/www.administor.sk\/it\/wp-json\/wp\/v2\/pages"}],"about":[{"href":"https:\/\/www.administor.sk\/it\/wp-json\/wp\/v2\/types\/page"}],"author":[{"embeddable":true,"href":"https:\/\/www.administor.sk\/it\/wp-json\/wp\/v2\/users\/1"}],"replies":[{"embeddable":true,"href":"https:\/\/www.administor.sk\/it\/wp-json\/wp\/v2\/comments?post=786"}],"version-history":[{"count":1,"href":"https:\/\/www.administor.sk\/it\/wp-json\/wp\/v2\/pages\/786\/revisions"}],"predecessor-version":[{"id":787,"href":"https:\/\/www.administor.sk\/it\/wp-json\/wp\/v2\/pages\/786\/revisions\/787"}],"wp:attachment":[{"href":"https:\/\/www.administor.sk\/it\/wp-json\/wp\/v2\/media?parent=786"}],"curies":[{"name":"wp","href":"https:\/\/api.w.org\/{rel}","templated":true}]}}