{"id":474,"date":"2025-02-01T08:37:52","date_gmt":"2025-02-01T07:37:52","guid":{"rendered":"https:\/\/www.administor.sk\/?post_type=product&#038;p=474"},"modified":"2025-02-07T09:43:51","modified_gmt":"2025-02-07T08:43:51","slug":"export-by-sell-date-vypredaj-leziaky","status":"publish","type":"product","link":"https:\/\/www.administor.sk\/en\/produkt\/export-by-sell-date-vypredaj-leziaky\/","title":{"rendered":"Export by sell date &#8211; vypredaj le\u017eiaky"},"content":{"rendered":"<h3><span class=\"ez-toc-section\" id=\"Neskladujte_leziaky_Najdite_ich_a_predajte_v_zlave_alebo_rozdajte_ako_darcek_k_objednavke\"><\/span>Neskladujte le\u017eiaky! N\u00e1jdite ich a predajte v z\u013eave alebo rozdajte ako dar\u010dek k objedn\u00e1vke.<span class=\"ez-toc-section-end\"><\/span><\/h3>\n<p><strong>Miesto v sklade je vz\u00e1cne a ak ho zaberaj\u00fa produkty, na ktor\u00e9 sad\u00e1 prach, vznikaj\u00fa v\u00e1m nepriamo zbyto\u010dn\u00e9 n\u00e1klady.<\/strong><\/p>\n<p>V\u010faka tomuto pluginu jednoducho identifikujete produkty, ktor\u00e9 sa bu\u010f nepredali nikdy alebo sa predali pred ve\u013emi dlhou dobou a ich &#8220;sl\u00e1va&#8221; u\u017e d\u00e1vno upadla.<\/p>\n<div id=\"ez-toc-container\" class=\"ez-toc-v2_0_82_2 counter-hierarchy ez-toc-counter ez-toc-custom ez-toc-container-direction\">\n<div class=\"ez-toc-title-container\">\n<p class=\"ez-toc-title\" style=\"cursor:inherit\">Obsah<\/p>\n<span class=\"ez-toc-title-toggle\"><a href=\"#\" class=\"ez-toc-pull-right ez-toc-btn ez-toc-btn-xs ez-toc-btn-default ez-toc-toggle\" aria-label=\"Toggle Table of Content\"><span class=\"ez-toc-js-icon-con\"><span class=\"\"><span class=\"eztoc-hide\" style=\"display:none;\">Toggle<\/span><span class=\"ez-toc-icon-toggle-span\"><svg style=\"fill: #999;color:#999\" xmlns=\"http:\/\/www.w3.org\/2000\/svg\" class=\"list-377408\" width=\"20px\" height=\"20px\" viewBox=\"0 0 24 24\" fill=\"none\"><path d=\"M6 6H4v2h2V6zm14 0H8v2h12V6zM4 11h2v2H4v-2zm16 0H8v2h12v-2zM4 16h2v2H4v-2zm16 0H8v2h12v-2z\" fill=\"currentColor\"><\/path><\/svg><svg style=\"fill: #999;color:#999\" class=\"arrow-unsorted-368013\" xmlns=\"http:\/\/www.w3.org\/2000\/svg\" width=\"10px\" height=\"10px\" viewBox=\"0 0 24 24\" version=\"1.2\" baseProfile=\"tiny\"><path d=\"M18.2 9.3l-6.2-6.3-6.2 6.3c-.2.2-.3.4-.3.7s.1.5.3.7c.2.2.4.3.7.3h11c.3 0 .5-.1.7-.3.2-.2.3-.5.3-.7s-.1-.5-.3-.7zM5.8 14.7l6.2 6.3 6.2-6.3c.2-.2.3-.5.3-.7s-.1-.5-.3-.7c-.2-.2-.4-.3-.7-.3h-11c-.3 0-.5.1-.7.3-.2.2-.3.5-.3.7s.1.5.3.7z\"\/><\/svg><\/span><\/span><\/span><\/a><\/span><\/div>\n<nav><ul class='ez-toc-list ez-toc-list-level-1 ' ><li class='ez-toc-page-1 ez-toc-heading-level-3'><a class=\"ez-toc-link ez-toc-heading-1\" href=\"https:\/\/www.administor.sk\/en\/produkt\/export-by-sell-date-vypredaj-leziaky\/#Neskladujte_leziaky_Najdite_ich_a_predajte_v_zlave_alebo_rozdajte_ako_darcek_k_objednavke\" >Neskladujte le\u017eiaky! N\u00e1jdite ich a predajte v z\u013eave alebo rozdajte ako dar\u010dek k objedn\u00e1vke.<\/a><ul class='ez-toc-list-level-4' ><li class='ez-toc-heading-level-4'><a class=\"ez-toc-link ez-toc-heading-2\" href=\"https:\/\/www.administor.sk\/en\/produkt\/export-by-sell-date-vypredaj-leziaky\/#Funguje_to_jednoducho\" >Funguje to jednoducho<\/a><\/li><li class='ez-toc-page-1 ez-toc-heading-level-4'><a class=\"ez-toc-link ez-toc-heading-3\" href=\"https:\/\/www.administor.sk\/en\/produkt\/export-by-sell-date-vypredaj-leziaky\/#Co_znamenaju_data_v_tabulke\" >\u010co znamenaj\u00fa d\u00e1ta v tabu\u013eke<\/a><\/li><li class='ez-toc-page-1 ez-toc-heading-level-4'><a class=\"ez-toc-link ez-toc-heading-4\" href=\"https:\/\/www.administor.sk\/en\/produkt\/export-by-sell-date-vypredaj-leziaky\/#Na_co_mozete_vyuzit_informaciu_po_poslednom_predaji_produktu\" >Na \u010do m\u00f4\u017eete vyu\u017ei\u0165 inform\u00e1ciu po poslednom predaji produktu<\/a><\/li><li class='ez-toc-page-1 ez-toc-heading-level-4'><a class=\"ez-toc-link ez-toc-heading-5\" href=\"https:\/\/www.administor.sk\/en\/produkt\/export-by-sell-date-vypredaj-leziaky\/#Licencne_podmienky_a_aktualizacie\" >Licen\u010dn\u00e9 podmienky a aktualiz\u00e1cie<\/a><\/li><\/ul><\/li><\/ul><\/nav><\/div>\n\n<h4><span class=\"ez-toc-section\" id=\"Funguje_to_jednoducho\"><\/span>Funguje to jednoducho<span class=\"ez-toc-section-end\"><\/span><\/h4>\n<ul>\n<li>prejdete do polo\u017eky Woocommerce -&gt; Export produktov a kliknete na tla\u010didlo &#8220;Export produktov&#8221;,<\/li>\n<li>chv\u00ed\u013eu po\u010dk\u00e1te, prehliada\u010d v\u00e1m pon\u00fakne s\u00fabor CSV na stiahnutie,<\/li>\n<li>s\u00fabor si ulo\u017ete do po\u010d\u00edta\u010da alebo hne\u010f otvorte.<\/li>\n<\/ul>\n<h4><span class=\"ez-toc-section\" id=\"Co_znamenaju_data_v_tabulke\"><\/span>\u010co znamenaj\u00fa d\u00e1ta v tabu\u013eke<span class=\"ez-toc-section-end\"><\/span><\/h4>\n<p>Vo vyexportovanej Excel tabu\u013eke uvid\u00edte tri st\u013apce &#8211; najd\u00f4le\u017eitej\u0161ie \u00fadaje pre lep\u0161\u00ed preh\u013ead:<\/p>\n<ul>\n<li>ID produktu &#8211; niekedy m\u00f4\u017eete ma\u0165 viac produktov s rovnak\u00fdm n\u00e1zvom, ID ich jednozna\u010dne odl\u00ed\u0161i,<\/li>\n<li>n\u00e1zov produktu,<\/li>\n<li>d\u00e1tum, kedy bol produkt k\u00fapen\u00fd naposledy.<\/li>\n<\/ul>\n<p>Produkty, ktor\u00e9 neboli e\u0161te predan\u00e9 s\u00fa v tabu\u013eke uveden\u00e9 ako prv\u00e9. Vid\u00edte tak hne\u010f na prv\u00fd poh\u013ead, kde za\u010da\u0165 so z\u013eavami. Ni\u017e\u0161ie v tabu\u013eke s\u00fa uveden\u00e9 produkty predan\u00e9 ve\u013emi d\u00e1vno, stredne d\u00e1vno a ned\u00e1vno a na konci tabu\u013eky s\u00fa produkty, ktor\u00e9 z\u00e1kazn\u00edci k\u00fapili pred p\u00e1r hodinami\/min\u00fatami.<\/p>\n<h4><span class=\"ez-toc-section\" id=\"Na_co_mozete_vyuzit_informaciu_po_poslednom_predaji_produktu\"><\/span>Na \u010do m\u00f4\u017eete vyu\u017ei\u0165 inform\u00e1ciu po poslednom predaji produktu<span class=\"ez-toc-section-end\"><\/span><\/h4>\n<p>\u010c\u00edm viac inform\u00e1ci\u00ed viete, t\u00fdm lep\u0161ie rozhodnutia prij\u00edmate. Inform\u00e1cia, ktor\u00e9 produkty s\u00fa le\u017eiaky, v\u00e1m napovie, \u010do s nimi. Tu je nieko\u013eko mo\u017enost\u00ed:<\/p>\n<ul>\n<li>produkty dajte do z\u013eavy, zbavte sa ich a u\u017e nikdy nenaskladnite,<\/li>\n<li>urobte si fyzick\u00fa invent\u00faru t\u00fdchto produktov, vypnite ich v eshope a rozd\u00e1vajte ako dar\u010dek k objedn\u00e1vke. Spustite k tomu patri\u010dn\u00fd marketing,<\/li>\n<li>sk\u00faste zisti\u0165, pre\u010do sa produkty nepred\u00e1vaj\u00fa. Mo\u017eno ste len nie\u010do zanedbali &#8211; rozsah <a href=\"https:\/\/www.administor.sk\/sluzby\/\">popisu<\/a>, po\u010det a kvalitu obr\u00e1zkov, spr\u00e1vne zaradenie do kateg\u00f3rie a nakoniec prehodno\u010fte cenu,<\/li>\n<li>ak m\u00e1te v\u0161etko v poriadku a nepred\u00e1vaj\u00fa sa, sk\u00faste zlep\u0161i\u0165 SEO, spustite Facebook \/ Google kampa\u0148 len na tieto produkty alebo o nich nap\u00ed\u0161te \u010dl\u00e1nok na blog.<\/li>\n<\/ul>\n<p>Ak sme na nejak\u00fa potrebn\u00fa funkciu zabudli, nap\u00ed\u0161te n\u00e1m na <a href=\"mailto:podpora@administor.sk\">podpora@administor.sk<\/a> alebo cez <a href=\"https:\/\/www.administor.sk\/kontakt\/\">online formul\u00e1r<\/a>. Plugin uprav\u00edme presne pod\u013ea va\u0161ich po\u017eiadaviek.<\/p>\n<h4><span class=\"ez-toc-section\" id=\"Licencne_podmienky_a_aktualizacie\"><\/span>Licen\u010dn\u00e9 podmienky a aktualiz\u00e1cie<span class=\"ez-toc-section-end\"><\/span><\/h4>\n<ul>\n<li>cena je jednorazov\u00e1, licencia do\u017eivotn\u00e1<\/li>\n<li>aktualiz\u00e1cie bud\u00fa distribuovan\u00e9 emailom<\/li>\n<\/ul>\n","protected":false},"excerpt":{"rendered":"<p>Neskladujte le\u017eiaky! Zistite, ktor\u00e9 produkty sa nepred\u00e1vaj\u00fa a urobte rozhodnutie, \u010do s nimi.<\/p>\n","protected":false},"featured_media":477,"comment_status":"open","ping_status":"closed","template":"","meta":{"_acf_changed":false},"product_brand":[],"product_cat":[38],"product_tag":[],"class_list":{"0":"post-474","1":"product","2":"type-product","3":"status-publish","4":"has-post-thumbnail","6":"product_cat-pluginy","8":"first","9":"instock","10":"downloadable","11":"virtual","12":"taxable","13":"purchasable","14":"product-type-simple"},"acf":[],"jetpack_sharing_enabled":true,"_links":{"self":[{"href":"https:\/\/www.administor.sk\/en\/wp-json\/wp\/v2\/product\/474","targetHints":{"allow":["GET"]}}],"collection":[{"href":"https:\/\/www.administor.sk\/en\/wp-json\/wp\/v2\/product"}],"about":[{"href":"https:\/\/www.administor.sk\/en\/wp-json\/wp\/v2\/types\/product"}],"replies":[{"embeddable":true,"href":"https:\/\/www.administor.sk\/en\/wp-json\/wp\/v2\/comments?post=474"}],"wp:featuredmedia":[{"embeddable":true,"href":"https:\/\/www.administor.sk\/en\/wp-json\/wp\/v2\/media\/477"}],"wp:attachment":[{"href":"https:\/\/www.administor.sk\/en\/wp-json\/wp\/v2\/media?parent=474"}],"wp:term":[{"taxonomy":"product_brand","embeddable":true,"href":"https:\/\/www.administor.sk\/en\/wp-json\/wp\/v2\/product_brand?post=474"},{"taxonomy":"product_cat","embeddable":true,"href":"https:\/\/www.administor.sk\/en\/wp-json\/wp\/v2\/product_cat?post=474"},{"taxonomy":"product_tag","embeddable":true,"href":"https:\/\/www.administor.sk\/en\/wp-json\/wp\/v2\/product_tag?post=474"}],"curies":[{"name":"wp","href":"https:\/\/api.w.org\/{rel}","templated":true}]}}