{"id":472,"date":"2025-02-07T08:53:10","date_gmt":"2025-02-07T07:53:10","guid":{"rendered":"https:\/\/www.administor.sk\/?post_type=product&#038;p=472"},"modified":"2025-02-07T09:50:07","modified_gmt":"2025-02-07T08:50:07","slug":"change-price-and-round-precen-a-zaokruhli","status":"publish","type":"product","link":"https:\/\/www.administor.sk\/en\/produkt\/change-price-and-round-precen-a-zaokruhli\/","title":{"rendered":"Change price and round &#8211; prece\u0148 a zaokr\u00fahli"},"content":{"rendered":"<h3><span class=\"ez-toc-section\" id=\"Cenotvorba_v_eshope_plne_pod_kontrolou\"><\/span>Cenotvorba v eshope plne pod kontrolou<span class=\"ez-toc-section-end\"><\/span><\/h3>\n<p><strong>Hromadn\u00e9 prece\u0148ovanie produktov b\u00fdva v\u00e4\u010d\u0161inou problematick\u00e9. V rozhran\u00ed woocommerce je hromadn\u00e1 zmena cien rie\u0161en\u00e1 neprakticky a navy\u0161e, funkcia zaokr\u00fah\u013eovania ch\u00fdba \u00faplne.<\/strong><\/p>\n<p>M\u00e1lokedy chcete hromadne zmeni\u0165 ceny v eshope len \u010disto na z\u00e1klade matematick\u00e9ho v\u00fdpo\u010dtu. Majitelia eshopov maj\u00fa svoju cenov\u00fa politiku nastaven\u00fa r\u00f4zne:<\/p>\n<ul>\n<li>Niektor\u00ed chc\u00fa ma\u0165 ceny v eshope zaokr\u00fahlen\u00e9 na cel\u00e9 eur\u00e1,<\/li>\n<li>Niektor\u00ed si potrpia na ba\u0165ovsk\u00fdch cen\u00e1ch,<\/li>\n<li>Niekto, chce pri precenen\u00ed zaokr\u00fahli\u0165 centy nadol resp. nahor,<\/li>\n<li>Niekto naopak potrebuje ceny zaokr\u00fahlen\u00e9 pod\u013ea z\u00e1kona o platbe v hotovosti &#8211; napr\u00edklad kv\u00f4li <a href=\"https:\/\/www.administor.sk\/produkt\/stop-nepreberacom-dobierok\/\">dobierke<\/a>.<\/li>\n<\/ul>\n<p>Presne tieto po\u017eiadavky spln\u00ed n\u00e1\u0161 wordpress plugin Change price and round. M\u00f4\u017eete hromadne zv\u00fd\u0161i\u0165 alebo zn\u00ed\u017ei\u0165 cenu pre v\u0161etky produkty naraz. M\u00f4\u017eete preceni\u0165 produkty len v niektorej kateg\u00f3rii alebo len tie, ktor\u00e9 maj\u00fa priraden\u00fa ur\u010dit\u00fa vlastnos\u0165.<\/p>\n<div id=\"ez-toc-container\" class=\"ez-toc-v2_0_82_2 counter-hierarchy ez-toc-counter ez-toc-custom ez-toc-container-direction\">\n<div class=\"ez-toc-title-container\">\n<p class=\"ez-toc-title\" style=\"cursor:inherit\">Obsah<\/p>\n<span class=\"ez-toc-title-toggle\"><a href=\"#\" class=\"ez-toc-pull-right ez-toc-btn ez-toc-btn-xs ez-toc-btn-default ez-toc-toggle\" aria-label=\"Toggle Table of Content\"><span class=\"ez-toc-js-icon-con\"><span class=\"\"><span class=\"eztoc-hide\" style=\"display:none;\">Toggle<\/span><span class=\"ez-toc-icon-toggle-span\"><svg style=\"fill: #999;color:#999\" xmlns=\"http:\/\/www.w3.org\/2000\/svg\" class=\"list-377408\" width=\"20px\" height=\"20px\" viewBox=\"0 0 24 24\" fill=\"none\"><path d=\"M6 6H4v2h2V6zm14 0H8v2h12V6zM4 11h2v2H4v-2zm16 0H8v2h12v-2zM4 16h2v2H4v-2zm16 0H8v2h12v-2z\" fill=\"currentColor\"><\/path><\/svg><svg style=\"fill: #999;color:#999\" class=\"arrow-unsorted-368013\" xmlns=\"http:\/\/www.w3.org\/2000\/svg\" width=\"10px\" height=\"10px\" viewBox=\"0 0 24 24\" version=\"1.2\" baseProfile=\"tiny\"><path d=\"M18.2 9.3l-6.2-6.3-6.2 6.3c-.2.2-.3.4-.3.7s.1.5.3.7c.2.2.4.3.7.3h11c.3 0 .5-.1.7-.3.2-.2.3-.5.3-.7s-.1-.5-.3-.7zM5.8 14.7l6.2 6.3 6.2-6.3c.2-.2.3-.5.3-.7s-.1-.5-.3-.7c-.2-.2-.4-.3-.7-.3h-11c-.3 0-.5.1-.7.3-.2.2-.3.5-.3.7s.1.5.3.7z\"\/><\/svg><\/span><\/span><\/span><\/a><\/span><\/div>\n<nav><ul class='ez-toc-list ez-toc-list-level-1 ' ><li class='ez-toc-page-1 ez-toc-heading-level-3'><a class=\"ez-toc-link ez-toc-heading-1\" href=\"https:\/\/www.administor.sk\/en\/produkt\/change-price-and-round-precen-a-zaokruhli\/#Cenotvorba_v_eshope_plne_pod_kontrolou\">Cenotvorba v eshope plne pod kontrolou<\/a><ul class='ez-toc-list-level-4' ><li class='ez-toc-heading-level-4'><a class=\"ez-toc-link ez-toc-heading-2\" href=\"https:\/\/www.administor.sk\/en\/produkt\/change-price-and-round-precen-a-zaokruhli\/#Funguje_to_jednoducho\">Funguje to jednoducho<\/a><\/li><li class='ez-toc-page-1 ez-toc-heading-level-4'><a class=\"ez-toc-link ez-toc-heading-3\" href=\"https:\/\/www.administor.sk\/en\/produkt\/change-price-and-round-precen-a-zaokruhli\/#Vsetko_ostatne_sa_uz_deje_automaticky\">V\u0161etko ostatn\u00e9 sa u\u017e deje automaticky<\/a><\/li><li class='ez-toc-page-1 ez-toc-heading-level-4'><a class=\"ez-toc-link ez-toc-heading-4\" href=\"https:\/\/www.administor.sk\/en\/produkt\/change-price-and-round-precen-a-zaokruhli\/#Zakladne_vlastnosti_pluginu\">Z\u00e1kladn\u00e9 vlastnosti pluginu<\/a><\/li><li class='ez-toc-page-1 ez-toc-heading-level-4'><a class=\"ez-toc-link ez-toc-heading-5\" href=\"https:\/\/www.administor.sk\/en\/produkt\/change-price-and-round-precen-a-zaokruhli\/#Na_co_sme_mysleli_a_vy_uz_nemusite\">Na \u010do sme mysleli a vy u\u017e nemus\u00edte<\/a><\/li><li class='ez-toc-page-1 ez-toc-heading-level-4'><a class=\"ez-toc-link ez-toc-heading-6\" href=\"https:\/\/www.administor.sk\/en\/produkt\/change-price-and-round-precen-a-zaokruhli\/#Licencne_podmienky_a_aktualizacie\">Licen\u010dn\u00e9 podmienky a aktualiz\u00e1cie<\/a><\/li><\/ul><\/li><li class='ez-toc-page-1 ez-toc-heading-level-3'><a class=\"ez-toc-link ez-toc-heading-7\" href=\"https:\/\/www.administor.sk\/en\/produkt\/change-price-and-round-precen-a-zaokruhli\/#Zakaznici_povedali_o_plugine\">Z\u00e1kazn\u00edci povedali o plugine<\/a><\/li><\/ul><\/nav><\/div>\n\n<h4><span class=\"ez-toc-section\" id=\"Funguje_to_jednoducho\"><\/span>Funguje to jednoducho<span class=\"ez-toc-section-end\"><\/span><\/h4>\n<ul>\n<li>zvol\u00edte si kateg\u00f3riu alebo vlastnos\u0165, ale nemus\u00edte,<\/li>\n<li>zvol\u00edte minim\u00e1lnu resp. maxim\u00e1lnu cenov\u00fa hranicu, pre presnej\u0161iu filtr\u00e1ciu produktov,<\/li>\n<li>ur\u010d\u00edte percento nav\u00fd\u0161enia resp. zn\u00ed\u017eenia ceny,<\/li>\n<li>vyberiete sp\u00f4sob zaokr\u00fahlenia.<\/li>\n<\/ul>\n<h4><span class=\"ez-toc-section\" id=\"Vsetko_ostatne_sa_uz_deje_automaticky\"><\/span>V\u0161etko ostatn\u00e9 sa u\u017e deje automaticky<span class=\"ez-toc-section-end\"><\/span><\/h4>\n<ul>\n<li>plugin zmen\u00ed cenu pod\u013ea nastaven\u00fdch parametrov,<\/li>\n<li>predajn\u00fa cenu s DPH zaokr\u00fahli tak, ako ste si zvolili,<\/li>\n<li>po ukon\u010den\u00ed akcie dostanete emailom report o po\u010dte \u00faspe\u0161ne precenen\u00fdch produktov.<\/li>\n<\/ul>\n<h4><span class=\"ez-toc-section\" id=\"Zakladne_vlastnosti_pluginu\"><\/span>Z\u00e1kladn\u00e9 vlastnosti pluginu<span class=\"ez-toc-section-end\"><\/span><\/h4>\n<ul>\n<li>plugin neovplyv\u0148uje negat\u00edvne r\u00fdchlos\u0165 eshopu,<\/li>\n<li>hromadn\u00e9 precenenie prebieha po men\u0161\u00edch d\u00e1vkach,<\/li>\n<li>m\u00f4\u017eete si zvoli\u0165, \u010di chcete preceni\u0165 riadnu alebo akciov\u00fa cenu,<\/li>\n<li>3 jazykov\u00e9 mut\u00e1cie SK, CZ, EN,<\/li>\n<li>licencia aj pre test dom\u00e9nu ZDARMA,<\/li>\n<li>7 dn\u00ed na vysk\u00fa\u0161anie ZDARMA.<\/li>\n<\/ul>\n<h4><span class=\"ez-toc-section\" id=\"Na_co_sme_mysleli_a_vy_uz_nemusite\"><\/span>Na \u010do sme mysleli a vy u\u017e nemus\u00edte<span class=\"ez-toc-section-end\"><\/span><\/h4>\n<ul>\n<li>precenenie prebieha v d\u00e1vkach a o v\u00fdsledku ste informovan\u00ed emailom,<\/li>\n<li>ak je produkt zaraden\u00fd vo viacer\u00fdch kateg\u00f3ri\u00e1ch, plugin ho precen\u00ed len jedenkr\u00e1t,<\/li>\n<li>ak produkt vyhovuje viacer\u00fdm atrib\u00fatom, plugin ho precen\u00ed len jedenkr\u00e1t,<\/li>\n<li>ak omylom spust\u00edte viac kr\u00e1t rovnak\u00e9 precenenie, proces sa nespust\u00ed,<\/li>\n<li>ned\u00e1 sa spusti\u0165 nov\u00e9 precenenie, pokia\u013e neboli dokon\u010den\u00e9 v\u0161etky predch\u00e1dzaj\u00face v\u00e1rky.<\/li>\n<\/ul>\n<p>Ak sme na nejak\u00fa potrebn\u00fa funkciu zabudli, nap\u00ed\u0161te n\u00e1m na <a href=\"mailto:podpora@administor.sk\">podpora@administor.sk<\/a> alebo cez <a href=\"https:\/\/www.administor.sk\/kontakt\/\">online formul\u00e1r<\/a>. Plugin uprav\u00edme presne pod\u013ea va\u0161ich po\u017eiadaviek.<\/p>\n<h4><span class=\"ez-toc-section\" id=\"Licencne_podmienky_a_aktualizacie\"><\/span>Licen\u010dn\u00e9 podmienky a aktualiz\u00e1cie<span class=\"ez-toc-section-end\"><\/span><\/h4>\n<ul>\n<li>cena je za licenciu pre jednu dom\u00e9nu (+1 testovaciu) na jeden rok,<\/li>\n<li>po vypr\u0161an\u00ed licencie plugin nebude funk\u010dn\u00fd,<\/li>\n<li>vydan\u00e9 aktualiz\u00e1cie n\u00e1jdete v\u017edy pri plugine v \u010dasti Pluginy, tak ako ste zvyknut\u00ed.<\/li>\n<\/ul>\n<hr \/>\n<h3><span class=\"ez-toc-section\" id=\"Zakaznici_povedali_o_plugine\"><\/span>Z\u00e1kazn\u00edci povedali o plugine<span class=\"ez-toc-section-end\"><\/span><\/h3>\n<p>[ 01.02.2025 ]<\/p>\n<p>Hromadn\u00e9 prece\u0148ovanie robievame naozaj pravidelne, ke\u010f\u017ee pred\u00e1vame \u0161perky zo zlata, ktor\u00e9ho cena je pohybliv\u00e1. Plugin od Administ\u00f6r n\u00e1s presved\u010dil hlavne funkciou zaokr\u00fah\u013eovania &#8211; t\u00fa sme inde nena\u0161li.<\/p>\n<p style=\"text-align: right;\"><strong>Spr\u00e1vca eshopu <a href=\"https:\/\/aurium.sk\" rel=\"noopener\">Aurium.sk<\/a><\/strong><\/p>\n","protected":false},"excerpt":{"rendered":"<p>Majte cenotvorbu plne pod kontrolou. Pri hromadnom prece\u0148ovan\u00ed myslite aj na zaokr\u00fahlenie &#8211; ceny potom vyzeraj\u00fa lep\u0161ie.<\/p>\n","protected":false},"featured_media":498,"comment_status":"open","ping_status":"closed","template":"","meta":{"_acf_changed":false},"product_brand":[],"product_cat":[38],"product_tag":[],"class_list":{"0":"post-472","1":"product","2":"type-product","3":"status-publish","4":"has-post-thumbnail","6":"product_cat-pluginy","8":"first","9":"instock","10":"virtual","11":"taxable","12":"purchasable","13":"product-type-simple"},"acf":[],"jetpack_sharing_enabled":true,"_links":{"self":[{"href":"https:\/\/www.administor.sk\/en\/wp-json\/wp\/v2\/product\/472","targetHints":{"allow":["GET"]}}],"collection":[{"href":"https:\/\/www.administor.sk\/en\/wp-json\/wp\/v2\/product"}],"about":[{"href":"https:\/\/www.administor.sk\/en\/wp-json\/wp\/v2\/types\/product"}],"replies":[{"embeddable":true,"href":"https:\/\/www.administor.sk\/en\/wp-json\/wp\/v2\/comments?post=472"}],"wp:featuredmedia":[{"embeddable":true,"href":"https:\/\/www.administor.sk\/en\/wp-json\/wp\/v2\/media\/498"}],"wp:attachment":[{"href":"https:\/\/www.administor.sk\/en\/wp-json\/wp\/v2\/media?parent=472"}],"wp:term":[{"taxonomy":"product_brand","embeddable":true,"href":"https:\/\/www.administor.sk\/en\/wp-json\/wp\/v2\/product_brand?post=472"},{"taxonomy":"product_cat","embeddable":true,"href":"https:\/\/www.administor.sk\/en\/wp-json\/wp\/v2\/product_cat?post=472"},{"taxonomy":"product_tag","embeddable":true,"href":"https:\/\/www.administor.sk\/en\/wp-json\/wp\/v2\/product_tag?post=472"}],"curies":[{"name":"wp","href":"https:\/\/api.w.org\/{rel}","templated":true}]}}