{"id":830,"date":"2026-04-07T21:32:40","date_gmt":"2026-04-07T19:32:40","guid":{"rendered":"https:\/\/www.administor.sk\/?post_type=product&#038;p=830"},"modified":"2026-04-07T22:08:18","modified_gmt":"2026-04-07T20:08:18","slug":"debt-free-life-framework-notion-template","status":"publish","type":"product","link":"https:\/\/www.administor.sk\/de\/produkt\/debt-free-life-framework-notion-template\/","title":{"rendered":"Debt free life Framework (Notion template)"},"content":{"rendered":"<h2>M\u00f4j pr\u00edbeh: Od stresu k jasn\u00e9mu pl\u00e1nu<\/h2>\n<p>\u017divot freelancera je jazda na horskej dr\u00e1he. S\u00fa mesiace, kedy sa dar\u00ed skvele, a mesiace, kedy \u010dlovek po\u010d\u00edta ka\u017ed\u00e9 euro. V priemere s\u00edce zvl\u00e1dneme zaplati\u0165 v\u0161etko, \u010do treba, ale \u010dasto je to vyk\u00fapen\u00e9 stresom a kompromismi na \u00fakor vo\u013en\u00e9ho \u010dasu alebo osobn\u00fdch radost\u00ed.<\/p>\n<p>V apr\u00edli 2028 je term\u00edn <strong>mojej 50. narodeninovej oslavy<\/strong>.\u00a0To je vek, kedy u\u017e \u010dlovek nechce rie\u0161i\u0165, \u010di \u201evyd\u00e1 na spl\u00e1tku\u201c, ale chce ma\u0165 komfort nielen v \u017eivote, ale hlavne vo financi\u00e1ch. M\u00f4j cie\u013e je jasn\u00fd: vst\u00fapi\u0165 do druhej polovice storo\u010dia <strong>\u00faplne bez dlhov<\/strong>. Chcem, aby peniaze, ktor\u00e9 dnes \u201epohlcuj\u00fa\u201c banky, sl\u00fa\u017eili na m\u00f4j pohodln\u00fd \u017eivot, cestovanie a budovanie skuto\u010dn\u00e9ho majetku na d\u00f4chodok.<\/p>\n<h2>Rie\u0161enie: Debt Free Life Framework<\/h2>\n<p>Ke\u010f\u017ee som program\u00e1tor, vytvoril som si syst\u00e9m. N\u00e1stroj, ktor\u00fd m\u00e1 jasne vyt\u00fd\u010den\u00fd cie\u013e a nekompromisn\u00fd term\u00edn. Tento framework mi ka\u017ed\u00fd de\u0148 ukazuje progres, motivuje ma hviezdi\u010dkami a hlavne mi d\u00e1va d\u00e1ta o tom, ktor\u00fd typ m\u00f4jho pr\u00edjmu ma pos\u00fava k slobode najr\u00fdchlej\u0161ie a ktor\u00fd je len zbyto\u010dn\u00e1 z\u00e1\u0165a\u017e.<\/p>\n<p><strong>V\u00e4\u010d\u0161ina z n\u00e1s m\u00e1 l\u00edzing, hypot\u00e9ku alebo spotrebn\u00fd \u00faver. Ja nie som v\u00fdnimka.<\/strong> Pripravil som tento syst\u00e9m, aby pomohol v\u00e1m z\u00edska\u0165 kontrolu a preh\u013ead. Ak si ho k\u00fapite, pom\u00f4\u017eete t\u00fdm z\u00e1rove\u0148 mne na mojej vlastnej ceste k nule. Sme v tom spolu.<\/p>\n<blockquote><p><strong>Uv\u00e1dzacia cena 24,90 \u20ac<\/strong> je platn\u00e1 len pre prv\u00fdch 50 n\u00e1kupov.<\/p><\/blockquote>\n<h2>\u010co presne kupujete?<\/h2>\n<p data-path-to-node=\"11,0,0\">Tento digit\u00e1lny produkt je postaven\u00fd na platforme <b data-path-to-node=\"11,0,0\" data-index-in-node=\"41\">Notion<\/b>, \u010do v\u00e1m umo\u017e\u0148uje ma\u0165 svoj finan\u010dn\u00fd pl\u00e1n dostupn\u00fd na mobile, tablete aj desktope. Pripravil som pre v\u00e1s pokro\u010dil\u00fa <b data-path-to-node=\"11,1,0\" data-index-in-node=\"17\">Notion \u0161abl\u00f3nu (Notion template)<\/b> s naprogramovan\u00fdmi vzorcami a logikou, ktor\u00fa si jednoducho zduplikujete do svojho workspaceu. V Notion \u0161abl\u00f3ne n\u00e1jdete:<\/p>\n<ul>\n<li><strong>Performance Dashboard:<\/strong> Okam\u017eit\u00fd vizu\u00e1lny preh\u013ead o stave v\u00e1\u0161ho dlhu.<\/li>\n<li><strong>Dynamick\u00fd Burndown Chart:<\/strong> Graf, ktor\u00fd v re\u00e1lnom \u010dase reaguje na ka\u017ed\u00fd v\u00e1\u0161 \u00faspe\u0161n\u00fd de\u0148.<\/li>\n<li><strong>Gamifik\u00e1cia progresu:<\/strong> Motiv\u00e1cia pomocou syst\u00e9mu hviezdi\u010diek a percentu\u00e1lneho plnenia cie\u013ea.<\/li>\n<li><strong>System Health Monitor:<\/strong> Unik\u00e1tna kontrola integrity d\u00e1t, ktor\u00e1 v\u00e1s upozorn\u00ed na ch\u00fdbaj\u00face prepojenie medzi d\u0148ami.<\/li>\n<\/ul>\n<h3>Metodol\u00f3gia<\/h3>\n<ul>\n<li><strong>Net Balance Logic:<\/strong> Syst\u00e9m nepo\u010d\u00edta len spl\u00e1tky, ale v\u00e1\u0161 celkov\u00fd denn\u00fd prebytok, ktor\u00fd skuto\u010dne zni\u017euje dlh.<\/li>\n<li><strong>Income Channels:<\/strong> Sledujte a\u017e 6 r\u00f4znych pr\u00edjmov\u00fdch kan\u00e1lov a zistite, ktor\u00fd v\u00e1s oslobodzuje od dlhu najr\u00fdchlej\u0161ie.<\/li>\n<li><strong>Plug &amp; Play nastavenie:<\/strong> Sta\u010d\u00ed zada\u0165 po\u010diato\u010dn\u00fd dlh a cie\u013eov\u00fd d\u00e1tum \u2013 o zvy\u0161ok sa postar\u00e1 naprogramovan\u00e1 matematika .<\/li>\n<\/ul>\n<p>S\u00fa\u010das\u0165ou bal\u00edka je aj detailn\u00fd 9-stranov\u00fd PDF manu\u00e1l v SK, CZ a EN verzii, ktor\u00fd v\u00e1s prevedie ka\u017ed\u00fdm jedn\u00fdm klikom. Manu\u00e1l obsahuje aj SOS Obnovu, tak\u017ee sa nemus\u00edte b\u00e1\u0165, \u017ee by ste vzorce v Notion \u0161abl\u00f3ne pokazili.<\/p>\n","protected":false},"excerpt":{"rendered":"<p>\u017divot freelancera je jazda na horskej dr\u00e1he. S\u00fa mesiace, kedy sa dar\u00ed skvele, a mesiace, kedy \u010dlovek po\u010d\u00edta ka\u017ed\u00e9 euro. V priemere s\u00edce zvl\u00e1dneme zaplati\u0165 v\u0161etko, \u010do treba, ale \u010dasto je to vyk\u00fapen\u00e9 stresom a kompromismi na \u00fakor vo\u013en\u00e9ho \u010dasu alebo osobn\u00fdch radost\u00ed. Rie\u0161enie: Debt Free Life Framework<\/p>\n","protected":false},"featured_media":874,"comment_status":"open","ping_status":"closed","template":"","meta":{"_acf_changed":false},"product_brand":[],"product_cat":[40],"product_tag":[],"class_list":{"0":"post-830","1":"product","2":"type-product","3":"status-publish","4":"has-post-thumbnail","6":"product_cat-ebooky","8":"first","9":"instock","10":"sale","11":"downloadable","12":"virtual","13":"taxable","14":"purchasable","15":"product-type-simple"},"acf":[],"jetpack_sharing_enabled":true,"_links":{"self":[{"href":"https:\/\/www.administor.sk\/de\/wp-json\/wp\/v2\/product\/830","targetHints":{"allow":["GET"]}}],"collection":[{"href":"https:\/\/www.administor.sk\/de\/wp-json\/wp\/v2\/product"}],"about":[{"href":"https:\/\/www.administor.sk\/de\/wp-json\/wp\/v2\/types\/product"}],"replies":[{"embeddable":true,"href":"https:\/\/www.administor.sk\/de\/wp-json\/wp\/v2\/comments?post=830"}],"wp:featuredmedia":[{"embeddable":true,"href":"https:\/\/www.administor.sk\/de\/wp-json\/wp\/v2\/media\/874"}],"wp:attachment":[{"href":"https:\/\/www.administor.sk\/de\/wp-json\/wp\/v2\/media?parent=830"}],"wp:term":[{"taxonomy":"product_brand","embeddable":true,"href":"https:\/\/www.administor.sk\/de\/wp-json\/wp\/v2\/product_brand?post=830"},{"taxonomy":"product_cat","embeddable":true,"href":"https:\/\/www.administor.sk\/de\/wp-json\/wp\/v2\/product_cat?post=830"},{"taxonomy":"product_tag","embeddable":true,"href":"https:\/\/www.administor.sk\/de\/wp-json\/wp\/v2\/product_tag?post=830"}],"curies":[{"name":"wp","href":"https:\/\/api.w.org\/{rel}","templated":true}]}}