{"id":434,"date":"2024-12-03T17:36:46","date_gmt":"2024-12-03T16:36:46","guid":{"rendered":"https:\/\/www.administor.sk\/?post_type=product&#038;p=434"},"modified":"2025-02-07T09:48:56","modified_gmt":"2025-02-07T08:48:56","slug":"digital-art-series-predaj-umenia","status":"publish","type":"product","link":"https:\/\/www.administor.sk\/de\/produkt\/digital-art-series-predaj-umenia\/","title":{"rendered":"Digital art &#8211; predaj umenia"},"content":{"rendered":"<h3>Pred\u00e1va\u0161 svoje digit\u00e1lne umenie online a chce\u0161 vytvori\u0165 limitovan\u00fa s\u00e9riu?<\/h3>\n<p>Tvoje digit\u00e1lne majstrovsk\u00e9 dielo je na svete a z\u00e1ujem je obrovsk\u00fd. Ako udr\u017e\u00ed\u0161 jeho cenu na vysokej \u00farovni? Ozn\u00e1mi\u0161 predaj len limitovan\u00e9ho po\u010dtu kusov a ka\u017ed\u00fd dopln\u00ed\u0161 certifik\u00e1tom pravosti.<br \/>\nTento plugin ti pom\u00f4\u017ee s predajom.<\/p>\n<p>Postup je jednoduch\u00fd:<\/p>\n<ol>\n<li>vytvor\u00ed\u0161 po\u017eadovan\u00fd po\u010det PDF s\u00faborov, na jednej str\u00e1nke bude tvoje dielo, na druhej certifik\u00e1t s o\u010d\u00edslovan\u00edm &#8222;v\u00fdtla\u010dku&#8220;,<\/li>\n<li>vytvor\u00ed\u0161 v eshope virtu\u00e1lny produkt na stiahnutie a nahr\u00e1\u0161 tieto PDF k produktu,<\/li>\n<li>propaguje\u0161 svoj dielo.<\/li>\n<\/ol>\n<p>Ka\u017ed\u00fd z\u00e1kazn\u00edk, ktor\u00fd si tvoje dielo k\u00fapi, dostane do emailu link na PDF s tvoj\u00edm dielom a certifik\u00e1tom. Syst\u00e9m toto konkr\u00e9tne PDF potom ozna\u010d\u00ed za predan\u00e9 a \u010fal\u0161\u00ed z\u00e1kazn\u00edk dostane \u010fal\u0161\u00ed k\u00fasok z limitovanej s\u00e9rie, a\u017e k\u00fdm sa nepredaj\u00fa v\u0161etky.<\/p>\n<p>Z\u00e1kladn\u00e9 vlastnosti pluginu:<\/p>\n<ul>\n<li><strong>plugin neovplyv\u0148uje negat\u00edvne r\u00fdchlos\u0165 shopu,<\/strong><\/li>\n<li><strong>jeden z\u00e1kazn\u00edk si m\u00f4\u017ee k\u00fapi\u0165 aj viac diel,\u00a0<\/strong><\/li>\n<li>3 jazykov\u00e9 mut\u00e1cie SK, CZ, EN,<\/li>\n<li>licencia aj pre test dom\u00e9nu ZDARMA,<\/li>\n<li>7 dn\u00ed na vysk\u00fa\u0161anie ZDARMA.<\/li>\n<\/ul>\n<h4>Licen\u010dn\u00e9 podmienky a aktualiz\u00e1cie<\/h4>\n<ul>\n<li>cena je za licenciu pre jednu dom\u00e9nu (+1 testovaciu) na jeden rok,<\/li>\n<li>po vypr\u0161an\u00ed licencie plugin nebude funk\u010dn\u00fd,<\/li>\n<li>vydan\u00e9 aktualiz\u00e1cie n\u00e1jdete v\u017edy pri plugine v \u010dasti Pluginy, tak ako ste zvyknut\u00ed.<\/li>\n<\/ul>\n","protected":false},"excerpt":{"rendered":"<p>Tvoje digit\u00e1lne majstrovsk\u00e9 dielo je na svete a z\u00e1ujem je obrovsk\u00fd. Ako udr\u017e\u00ed\u0161 jeho cenu na vysokej \u00farovni? Ozn\u00e1mi\u0161 limitku<\/p>\n","protected":false},"featured_media":435,"comment_status":"open","ping_status":"closed","template":"","meta":{"_acf_changed":false},"product_brand":[],"product_cat":[38],"product_tag":[],"class_list":{"0":"post-434","1":"product","2":"type-product","3":"status-publish","4":"has-post-thumbnail","6":"product_cat-pluginy","8":"first","9":"instock","10":"virtual","11":"taxable","12":"purchasable","13":"product-type-simple"},"acf":[],"jetpack_sharing_enabled":true,"_links":{"self":[{"href":"https:\/\/www.administor.sk\/de\/wp-json\/wp\/v2\/product\/434","targetHints":{"allow":["GET"]}}],"collection":[{"href":"https:\/\/www.administor.sk\/de\/wp-json\/wp\/v2\/product"}],"about":[{"href":"https:\/\/www.administor.sk\/de\/wp-json\/wp\/v2\/types\/product"}],"replies":[{"embeddable":true,"href":"https:\/\/www.administor.sk\/de\/wp-json\/wp\/v2\/comments?post=434"}],"wp:featuredmedia":[{"embeddable":true,"href":"https:\/\/www.administor.sk\/de\/wp-json\/wp\/v2\/media\/435"}],"wp:attachment":[{"href":"https:\/\/www.administor.sk\/de\/wp-json\/wp\/v2\/media?parent=434"}],"wp:term":[{"taxonomy":"product_brand","embeddable":true,"href":"https:\/\/www.administor.sk\/de\/wp-json\/wp\/v2\/product_brand?post=434"},{"taxonomy":"product_cat","embeddable":true,"href":"https:\/\/www.administor.sk\/de\/wp-json\/wp\/v2\/product_cat?post=434"},{"taxonomy":"product_tag","embeddable":true,"href":"https:\/\/www.administor.sk\/de\/wp-json\/wp\/v2\/product_tag?post=434"}],"curies":[{"name":"wp","href":"https:\/\/api.w.org\/{rel}","templated":true}]}}