{"id":805,"date":"2024-06-14T21:42:42","date_gmt":"2024-06-14T19:42:42","guid":{"rendered":"https:\/\/www.administor.sk\/zusammenarbeit-projekte\/"},"modified":"2025-03-16T22:36:25","modified_gmt":"2025-03-16T21:36:25","slug":"zusammenarbeit-projekte","status":"publish","type":"page","link":"https:\/\/www.administor.sk\/de\/zusammenarbeit-projekte\/","title":{"rendered":"Zusammenarbeit, Projekte"},"content":{"rendered":"\n<p>Neben der Erstellung von Websites, Eshops, Online-Systemen und der Programmierung von WordPress-Plugins arbeiten wir auch an mehreren eigenen Projekten. Wir haben Eshops, mehrere Zeitschriften und ein Community-Projekt. Wir haben uns aus einer Reihe von Gr\u00fcnden f\u00fcr diesen Weg entschieden:  <\/p>\n\n<ul class=\"wp-block-list\">\n<li>es ist gut, das Online-Gesch\u00e4ft einmal von der anderen Seite aus zu betrachten,<\/li>\n\n\n\n<li>Wir wollten wissen, welche Probleme Eshop-Besitzer l\u00f6sen, wie sich Kunden verhalten und das inspiriert uns, praktische Funktionen und <a href=\"https:\/\/www.administor.sk\/pluginy-online-produkty\/\" data-type=\"page\" data-id=\"56\">Plugins<\/a> f\u00fcr Eshops zu entwickeln,<\/li>\n\n\n\n<li>Wir testen verschiedene Marketingstrategien, um unsere Kunden bei den Grundlagen zu beraten,<\/li>\n\n\n\n<li>Wir nutzen die Magazine auch, um Backlinks aufzubauen, unser Copywriting zu \u00fcben und gegenseitig Projekte zu promoten.<\/li>\n<\/ul>\n\n<h2 class=\"wp-block-heading\">Eigene Projekte<\/h2>\n\n<div class=\"wp-block-columns is-layout-flex wp-container-core-columns-is-layout-9d6595d7 wp-block-columns-is-layout-flex\">\n<div class=\"wp-block-column is-layout-flow wp-block-column-is-layout-flow\">\n<figure class=\"wp-block-image size-large\"><a href=\"https:\/\/anymag.online\" rel=\"noopener\"><img data-recalc-dims=\"1\" loading=\"lazy\" decoding=\"async\" width=\"640\" height=\"640\" src=\"https:\/\/i0.wp.com\/www.administor.sk\/wp-content\/uploads\/2024\/06\/anymag-web.jpg?resize=640%2C640&#038;ssl=1\" alt=\"anymag.online - Lebensstil-Magazin\" class=\"wp-image-185\" srcset=\"https:\/\/i0.wp.com\/www.administor.sk\/wp-content\/uploads\/2024\/06\/anymag-web.jpg?resize=1024%2C1024&amp;ssl=1 1024w, https:\/\/i0.wp.com\/www.administor.sk\/wp-content\/uploads\/2024\/06\/anymag-web.jpg?resize=300%2C300&amp;ssl=1 300w, https:\/\/i0.wp.com\/www.administor.sk\/wp-content\/uploads\/2024\/06\/anymag-web.jpg?resize=150%2C150&amp;ssl=1 150w, https:\/\/i0.wp.com\/www.administor.sk\/wp-content\/uploads\/2024\/06\/anymag-web.jpg?resize=768%2C768&amp;ssl=1 768w, https:\/\/i0.wp.com\/www.administor.sk\/wp-content\/uploads\/2024\/06\/anymag-web.jpg?resize=1536%2C1536&amp;ssl=1 1536w, https:\/\/i0.wp.com\/www.administor.sk\/wp-content\/uploads\/2024\/06\/anymag-web.jpg?resize=600%2C600&amp;ssl=1 600w, https:\/\/i0.wp.com\/www.administor.sk\/wp-content\/uploads\/2024\/06\/anymag-web.jpg?resize=100%2C100&amp;ssl=1 100w, https:\/\/i0.wp.com\/www.administor.sk\/wp-content\/uploads\/2024\/06\/anymag-web.jpg?w=1872&amp;ssl=1 1872w, https:\/\/i0.wp.com\/www.administor.sk\/wp-content\/uploads\/2024\/06\/anymag-web.jpg?w=1280&amp;ssl=1 1280w\" sizes=\"auto, (max-width: 640px) 100vw, 640px\" \/><\/a><\/figure>\n\n\n\n<h2 class=\"wp-block-heading has-text-align-center\">anymag.online<\/h2>\n\n\n\n<p>Lifestyle-Magazin mit den Themen Technik, Luxus, Elektronik, Gesundheit, Gastronomie, Wohnen und Reisen.  <\/p>\n\n\n\n<div class=\"wp-block-buttons is-content-justification-center is-layout-flex wp-container-core-buttons-is-layout-16018d1d wp-block-buttons-is-layout-flex\">\n<div class=\"wp-block-button btn-team\"><a class=\"wp-block-button__link wp-element-button\" href=\"https:\/\/anymag.online\" rel=\"noopener\"><strong>Mehr lesen<\/strong><\/a><\/div>\n<\/div>\n<\/div>\n\n\n\n<div class=\"wp-block-column is-layout-flow wp-block-column-is-layout-flow\">\n<figure class=\"wp-block-image size-large\"><a href=\"https:\/\/paperwallet.sk\" rel=\"noopener\"><img data-recalc-dims=\"1\" loading=\"lazy\" decoding=\"async\" width=\"640\" height=\"640\" src=\"https:\/\/i0.wp.com\/www.administor.sk\/wp-content\/uploads\/2024\/06\/paperwallet-web.jpg?resize=640%2C640&#038;ssl=1\" alt=\"Paperwallet.sk - stilvolle Geldb&#xF6;rsen\" class=\"wp-image-188\" srcset=\"https:\/\/i0.wp.com\/www.administor.sk\/wp-content\/uploads\/2024\/06\/paperwallet-web.jpg?resize=1024%2C1024&amp;ssl=1 1024w, https:\/\/i0.wp.com\/www.administor.sk\/wp-content\/uploads\/2024\/06\/paperwallet-web.jpg?resize=300%2C300&amp;ssl=1 300w, https:\/\/i0.wp.com\/www.administor.sk\/wp-content\/uploads\/2024\/06\/paperwallet-web.jpg?resize=150%2C150&amp;ssl=1 150w, https:\/\/i0.wp.com\/www.administor.sk\/wp-content\/uploads\/2024\/06\/paperwallet-web.jpg?resize=768%2C768&amp;ssl=1 768w, https:\/\/i0.wp.com\/www.administor.sk\/wp-content\/uploads\/2024\/06\/paperwallet-web.jpg?resize=1536%2C1536&amp;ssl=1 1536w, https:\/\/i0.wp.com\/www.administor.sk\/wp-content\/uploads\/2024\/06\/paperwallet-web.jpg?resize=600%2C600&amp;ssl=1 600w, https:\/\/i0.wp.com\/www.administor.sk\/wp-content\/uploads\/2024\/06\/paperwallet-web.jpg?resize=100%2C100&amp;ssl=1 100w, https:\/\/i0.wp.com\/www.administor.sk\/wp-content\/uploads\/2024\/06\/paperwallet-web.jpg?w=1872&amp;ssl=1 1872w, https:\/\/i0.wp.com\/www.administor.sk\/wp-content\/uploads\/2024\/06\/paperwallet-web.jpg?w=1280&amp;ssl=1 1280w\" sizes=\"auto, (max-width: 640px) 100vw, 640px\" \/><\/a><\/figure>\n\n\n\n<h2 class=\"wp-block-heading has-text-align-center\">paperwallet.cz<\/h2>\n\n\n\n<p>Moderne, stilvolle, umweltfreundliche und sichere Geldb\u00f6rsen. Sie quetschen sich nicht in Ihre Tasche, schonen die Natur und sch\u00fctzen Ihre Karten mit RFID-Schutz. <\/p>\n\n\n\n<div class=\"wp-block-buttons is-content-justification-center is-layout-flex wp-container-core-buttons-is-layout-16018d1d wp-block-buttons-is-layout-flex\">\n<div class=\"wp-block-button btn-team\"><a class=\"wp-block-button__link wp-element-button\" href=\"https:\/\/paperwallet.cz\" rel=\"noopener\"><strong>Kaufen Sie eine Brieftasche<\/strong><\/a><\/div>\n<\/div>\n<\/div>\n\n\n\n<div class=\"wp-block-column is-layout-flow wp-block-column-is-layout-flow\">\n<figure class=\"wp-block-image size-large\"><a href=\"https:\/\/www.lord.sk\" rel=\"noopener\"><img data-recalc-dims=\"1\" loading=\"lazy\" decoding=\"async\" width=\"640\" height=\"640\" src=\"https:\/\/i0.wp.com\/www.administor.sk\/wp-content\/uploads\/2024\/06\/lord-web.jpg?resize=640%2C640&#038;ssl=1\" alt=\"LORD.sk - Haushalts-, Garten- und Werkstattartikel\" class=\"wp-image-187\" srcset=\"https:\/\/i0.wp.com\/www.administor.sk\/wp-content\/uploads\/2024\/06\/lord-web.jpg?resize=1024%2C1024&amp;ssl=1 1024w, https:\/\/i0.wp.com\/www.administor.sk\/wp-content\/uploads\/2024\/06\/lord-web.jpg?resize=300%2C300&amp;ssl=1 300w, https:\/\/i0.wp.com\/www.administor.sk\/wp-content\/uploads\/2024\/06\/lord-web.jpg?resize=150%2C150&amp;ssl=1 150w, https:\/\/i0.wp.com\/www.administor.sk\/wp-content\/uploads\/2024\/06\/lord-web.jpg?resize=768%2C768&amp;ssl=1 768w, https:\/\/i0.wp.com\/www.administor.sk\/wp-content\/uploads\/2024\/06\/lord-web.jpg?resize=600%2C600&amp;ssl=1 600w, https:\/\/i0.wp.com\/www.administor.sk\/wp-content\/uploads\/2024\/06\/lord-web.jpg?resize=100%2C100&amp;ssl=1 100w, https:\/\/i0.wp.com\/www.administor.sk\/wp-content\/uploads\/2024\/06\/lord-web.jpg?w=1187&amp;ssl=1 1187w\" sizes=\"auto, (max-width: 640px) 100vw, 640px\" \/><\/a><\/figure>\n\n\n\n<h2 class=\"wp-block-heading has-text-align-center\">lord.sk<\/h2>\n\n\n\n<p>Waren f\u00fcr Haus, Garten und Werkstatt. Praktische Produkte f\u00fcr das Haus, f\u00fcr Ihre Hobbys und den Alltag. <\/p>\n\n\n\n<div class=\"wp-block-buttons is-content-justification-center is-layout-flex wp-container-core-buttons-is-layout-16018d1d wp-block-buttons-is-layout-flex\">\n<div class=\"wp-block-button btn-team\"><a class=\"wp-block-button__link wp-element-button\" href=\"https:\/\/www.lord.sk\" rel=\"noopener\"><strong>W\u00e4hlen Sie<\/strong><\/a><\/div>\n<\/div>\n<\/div>\n<\/div>\n\n<div style=\"height:60px\" aria-hidden=\"true\" class=\"wp-block-spacer\"><\/div>\n\n<div class=\"wp-block-columns is-layout-flex wp-container-core-columns-is-layout-9d6595d7 wp-block-columns-is-layout-flex\">\n<div class=\"wp-block-column is-layout-flow wp-block-column-is-layout-flow\">\n<figure class=\"wp-block-image size-large\"><a href=\"https:\/\/rocker.sk\" rel=\"noopener\"><img data-recalc-dims=\"1\" loading=\"lazy\" decoding=\"async\" width=\"640\" height=\"640\" src=\"https:\/\/i0.wp.com\/www.administor.sk\/wp-content\/uploads\/2024\/06\/rocker-web.jpg?resize=640%2C640&#038;ssl=1\" alt=\"ROCKER.sk - einzigartige Rock-T-Shirts\" class=\"wp-image-189\" srcset=\"https:\/\/i0.wp.com\/www.administor.sk\/wp-content\/uploads\/2024\/06\/rocker-web.jpg?resize=1024%2C1024&amp;ssl=1 1024w, https:\/\/i0.wp.com\/www.administor.sk\/wp-content\/uploads\/2024\/06\/rocker-web.jpg?resize=300%2C300&amp;ssl=1 300w, https:\/\/i0.wp.com\/www.administor.sk\/wp-content\/uploads\/2024\/06\/rocker-web.jpg?resize=150%2C150&amp;ssl=1 150w, https:\/\/i0.wp.com\/www.administor.sk\/wp-content\/uploads\/2024\/06\/rocker-web.jpg?resize=768%2C768&amp;ssl=1 768w, https:\/\/i0.wp.com\/www.administor.sk\/wp-content\/uploads\/2024\/06\/rocker-web.jpg?resize=600%2C600&amp;ssl=1 600w, https:\/\/i0.wp.com\/www.administor.sk\/wp-content\/uploads\/2024\/06\/rocker-web.jpg?resize=100%2C100&amp;ssl=1 100w, https:\/\/i0.wp.com\/www.administor.sk\/wp-content\/uploads\/2024\/06\/rocker-web.jpg?w=1263&amp;ssl=1 1263w\" sizes=\"auto, (max-width: 640px) 100vw, 640px\" \/><\/a><\/figure>\n\n\n\n<h2 class=\"wp-block-heading has-text-align-center\">rocker.sk<\/h2>\n\n\n\n<p>Einzigartige Rock-T-Shirts und die gr\u00f6\u00dfte Gemeinschaft von Liebhabern harter Musik in der Slowakei.  <\/p>\n\n\n\n<div class=\"wp-block-buttons is-content-justification-center is-layout-flex wp-container-core-buttons-is-layout-16018d1d wp-block-buttons-is-layout-flex\">\n<div class=\"wp-block-button btn-team\"><a class=\"wp-block-button__link wp-element-button\" href=\"https:\/\/rocker.sk\" rel=\"noopener\"><strong>Kaufen Sie ein T-shirt<\/strong><\/a><\/div>\n<\/div>\n<\/div>\n\n\n\n<div class=\"wp-block-column is-layout-flow wp-block-column-is-layout-flow\">\n<figure class=\"wp-block-image size-large\"><a href=\"https:\/\/handmadevyrobky.eu\" rel=\"noopener\"><img data-recalc-dims=\"1\" loading=\"lazy\" decoding=\"async\" width=\"640\" height=\"640\" src=\"https:\/\/i0.wp.com\/www.administor.sk\/wp-content\/uploads\/2024\/06\/handmadevyrobky-web.jpg?resize=640%2C640&#038;ssl=1\" alt=\"Handmadyvyrobky.eu - ein Gemeinschaftsprojekt der Hersteller von handgefertigten Produkten\" class=\"wp-image-186\" srcset=\"https:\/\/i0.wp.com\/www.administor.sk\/wp-content\/uploads\/2024\/06\/handmadevyrobky-web.jpg?resize=1024%2C1024&amp;ssl=1 1024w, https:\/\/i0.wp.com\/www.administor.sk\/wp-content\/uploads\/2024\/06\/handmadevyrobky-web.jpg?resize=300%2C300&amp;ssl=1 300w, https:\/\/i0.wp.com\/www.administor.sk\/wp-content\/uploads\/2024\/06\/handmadevyrobky-web.jpg?resize=150%2C150&amp;ssl=1 150w, https:\/\/i0.wp.com\/www.administor.sk\/wp-content\/uploads\/2024\/06\/handmadevyrobky-web.jpg?resize=768%2C768&amp;ssl=1 768w, https:\/\/i0.wp.com\/www.administor.sk\/wp-content\/uploads\/2024\/06\/handmadevyrobky-web.jpg?resize=600%2C600&amp;ssl=1 600w, https:\/\/i0.wp.com\/www.administor.sk\/wp-content\/uploads\/2024\/06\/handmadevyrobky-web.jpg?resize=100%2C100&amp;ssl=1 100w, https:\/\/i0.wp.com\/www.administor.sk\/wp-content\/uploads\/2024\/06\/handmadevyrobky-web.jpg?w=1377&amp;ssl=1 1377w, https:\/\/i0.wp.com\/www.administor.sk\/wp-content\/uploads\/2024\/06\/handmadevyrobky-web.jpg?w=1280&amp;ssl=1 1280w\" sizes=\"auto, (max-width: 640px) 100vw, 640px\" \/><\/a><\/figure>\n\n\n\n<h2 class=\"wp-block-heading has-text-align-center\">handmadevyrobky.eu<\/h2>\n\n\n\n<p>Eine Community-Website f\u00fcr Hersteller von handgefertigten Produkten mit Werbung, einem Blog und leckeren Rezepten.<\/p>\n\n\n\n<div class=\"wp-block-buttons is-content-justification-center is-layout-flex wp-container-core-buttons-is-layout-16018d1d wp-block-buttons-is-layout-flex\">\n<div class=\"wp-block-button btn-team\"><a class=\"wp-block-button__link wp-element-button\" href=\"https:\/\/handmadevyrobky.eu\" rel=\"noopener\"><strong>Besuchen Sie<\/strong><\/a><\/div>\n<\/div>\n<\/div>\n\n\n\n<div class=\"wp-block-column is-layout-flow wp-block-column-is-layout-flow\"><\/div>\n<\/div>\n\n<div style=\"height:30px\" aria-hidden=\"true\" class=\"wp-block-spacer\"><\/div>\n\n<h2 class=\"wp-block-heading\">Zusammenarbeit<\/h2>\n\n<p>In den vielen Jahren, die wir auf dem Markt sind, haben wir starke und dauerhafte Kontakte zu einer Reihe von Unternehmen aufgebaut. Wir arbeiten mit Werbe-, Marketing- und Full-Service-Agenturen zusammen. Wir waren bei der Entstehung dabei und arbeiten st\u00e4ndig an der Entwicklung eines Systems zur Steuerung des gr\u00f6\u00dften Netzwerks von Werbe- und Informationsbildschirmen.  <\/p>\n\n<p>Zu den Unternehmen, mit denen wir zusammengearbeitet haben oder noch zusammenarbeiten, geh\u00f6ren Kaufland Slowakei, die Kinokette CINE-MAX, Dong Feng, ein Autoimporteur in der Slowakei, der Tschechischen Republik und Ungarn, und der gr\u00f6\u00dfte Hersteller von Spielpl\u00e4tzen, f\u00fcr den wir ein Netz von Websites mit vollst\u00e4ndiger Beschriftung, Produktbl\u00e4ttern und einem gedruckten Produktkatalog erstellt haben.<\/p>\n\n<p>Sehen Sie sich unsere <a href=\"https:\/\/www.administor.sk\/de\/referenzen\/\" data-type=\"page\" data-id=\"41\">Referenzen<\/a> an, wenn Sie an unserer Arbeit interessiert sind, oder <a href=\"https:\/\/www.administor.sk\/de\/kontakt\/\" data-type=\"page\" data-id=\"93\">kontaktieren Sie<\/a> uns.  <\/p>\n\n<div style=\"height:50px\" aria-hidden=\"true\" class=\"wp-block-spacer\"><\/div>\n\n<div class=\"wp-block-buttons is-content-justification-center is-layout-flex wp-container-core-buttons-is-layout-16018d1d wp-block-buttons-is-layout-flex\">\n<div class=\"wp-block-button is-style-fill btn-team\"><a class=\"wp-block-button__link has-text-align-center wp-element-button\" href=\"https:\/\/www.administor.sk\/kontakt\/\"><strong>Chcete n\u00e1s do t\u00edmu? Kliknite<\/strong><\/a><\/div>\n<\/div>\n\n<div style=\"height:100px\" aria-hidden=\"true\" class=\"wp-block-spacer\"><\/div>\n","protected":false},"excerpt":{"rendered":"<p>Neben der Erstellung von Websites, Eshops, Online-Systemen und der Programmierung von WordPress-Plugins arbeiten wir auch an mehreren eigenen Projekten. Wir haben Eshops, mehrere Zeitschriften und ein Community-Projekt. Wir haben uns aus einer Reihe von Gr\u00fcnden f\u00fcr diesen Weg entschieden: Eigene Projekte anymag.online Lifestyle-Magazin mit den Themen Technik, Luxus, Elektronik, Gesundheit, Gastronomie, Wohnen und Reisen. paperwallet.cz [&hellip;]<\/p>\n","protected":false},"author":1,"featured_media":0,"parent":0,"menu_order":0,"comment_status":"closed","ping_status":"closed","template":"page-templates\/page-sidebar-none.php","meta":{"_acf_changed":false,"footnotes":""},"class_list":["post-805","page","type-page","status-publish","hentry"],"acf":[],"jetpack_sharing_enabled":true,"_links":{"self":[{"href":"https:\/\/www.administor.sk\/de\/wp-json\/wp\/v2\/pages\/805","targetHints":{"allow":["GET"]}}],"collection":[{"href":"https:\/\/www.administor.sk\/de\/wp-json\/wp\/v2\/pages"}],"about":[{"href":"https:\/\/www.administor.sk\/de\/wp-json\/wp\/v2\/types\/page"}],"author":[{"embeddable":true,"href":"https:\/\/www.administor.sk\/de\/wp-json\/wp\/v2\/users\/1"}],"replies":[{"embeddable":true,"href":"https:\/\/www.administor.sk\/de\/wp-json\/wp\/v2\/comments?post=805"}],"version-history":[{"count":3,"href":"https:\/\/www.administor.sk\/de\/wp-json\/wp\/v2\/pages\/805\/revisions"}],"predecessor-version":[{"id":808,"href":"https:\/\/www.administor.sk\/de\/wp-json\/wp\/v2\/pages\/805\/revisions\/808"}],"wp:attachment":[{"href":"https:\/\/www.administor.sk\/de\/wp-json\/wp\/v2\/media?parent=805"}],"curies":[{"name":"wp","href":"https:\/\/api.w.org\/{rel}","templated":true}]}}