{"id":799,"date":"2024-06-14T23:17:47","date_gmt":"2024-06-14T21:17:47","guid":{"rendered":"https:\/\/www.administor.sk\/dienstleistungen\/"},"modified":"2025-03-16T22:34:07","modified_gmt":"2025-03-16T21:34:07","slug":"dienstleistungen","status":"publish","type":"page","link":"https:\/\/www.administor.sk\/de\/dienstleistungen\/","title":{"rendered":"Dienstleistungen"},"content":{"rendered":"\n<p>Unsere Dienstleistungen werden von Einzelpersonen, kleineren und gr\u00f6\u00dferen Unternehmen in der Slowakei oder im Ausland in Anspruch genommen. Wir arbeiten auch als professioneller Subunternehmer f\u00fcr Werbe- und Full-Service-Agenturen.<\/p>\n\n<p>Dank der langj\u00e4hrigen Zusammenarbeit mit Kunden und der Erfahrung aus der Durchf\u00fchrung <a href=\"https:\/\/www.administor.sk\/spoluprace-projekty\/\" data-type=\"page\" data-id=\"96\">eigener Projekte<\/a> haben wir eine genaue Vorstellung davon, was getan werden muss, damit der Kunde nicht das Gef\u00fchl hat, dass die Erstellung und Verwaltung seiner eigenen Website oder seines E-Shops l\u00e4stig ist.<\/p>\n\n<p>Wir haben ein au\u00dfergew\u00f6hnliches Konzept f\u00fcr die Zusammenarbeit mit Kunden auf dem slowakischen Markt entwickelt, das wir <strong>&#8222;No worries&#8220;<\/strong> genannt haben. Es ist so konzipiert, dass:   <\/p>\n\n<ul class=\"wp-block-list\">\n<li>wir bel\u00e4stigen den Kunden nicht mit unn\u00f6tigen technischen Fragen,<\/li>\n\n\n\n<li>erstellen wir eine technische Spezifikation f\u00fcr den Kunden und w\u00e4hlen mehrere geeignete Designvorschl\u00e4ge aus. W\u00e4hlen Sie einfach ein Design aus, einigen Sie sich auf die vorgeschlagenen Funktionen und machen Sie sich an die Arbeit. <\/li>\n\n\n\n<li><strong>der Kunde die Kaution nicht im Voraus bezahlt<\/strong>,<\/li>\n\n\n\n<li>wir belasten den Kunden nicht mit der Erstellung oder Lieferung von Grafiken,<\/li>\n\n\n\n<li>unsere Redakteure schreiben f\u00fcr den Kunden aufmerksamkeitsstarke Texte und erg\u00e4nzen sie mit illustrativen Bildern,<\/li>\n\n\n\n<li>wir f\u00fcllen den Shop des Kunden &#8211; wir \u00fcberarbeiten Kategorien, Bilder und Produkte selbst,<\/li>\n\n\n\n<li>wir verbinden den Kunden mit dem Zahlungsgateway, den API-Diensten und dem automatischen Import von Waren.<\/li>\n<\/ul>\n\n<p>Wir werden viele andere Dinge f\u00fcr den Kunden erledigen, ohne ihm Zeit zu nehmen, die f\u00fcr sein Gesch\u00e4fts- und Privatleben sehr wertvoll ist.  <\/p>\n\n<div class=\"center-content\"><div class=\"bq-box\"><i class=\"fas fa-quote-left fa2\"><\/i>\n  <div class=\"text\"><i class=\"fas fa-quote-right fa1\"><\/i>\n    <div>\n      <h3>Das &#8222;Keine Sorgen&#8220;-Konzept<\/h3>\n      <p>Zu Beginn einigen wir uns auf das Briefing und Sie schauen einfach online zu, wie wir Ihre neue Website erstellen. Wir stellen keine Fragen, wir arbeiten im Stillen und halten Sie \u00fcber die Fertigstellung auf dem Laufenden. Schlie\u00dflich arbeiten wir die Kommentare ein und die neue Seite kann ver\u00f6ffentlicht werden.  <\/p>\n    <\/div>\n  <\/div>\n<\/div><\/div>\n\n<div style=\"height:50px\" aria-hidden=\"true\" class=\"wp-block-spacer\"><\/div>\n\n<h2 class=\"wp-block-heading\">Dienstleistungen und kurze Beschreibung<\/h2>\n\n<div style=\"height:25px\" aria-hidden=\"true\" class=\"wp-block-spacer\"><\/div>\n\n<h3 class=\"wp-block-heading\">Erstellung von Websites und E-Shops<\/h3>\n\n<p>Wir erstellen f\u00fcr Sie eine Informations-Website oder einen Eshop auf der Grundlage des am weitesten verbreiteten Content-Management-Systems <a href=\"https:\/\/sk.wordpress.org\/\" rel=\"noopener\">WordPress<\/a>. Wir programmieren eine ma\u00dfgeschneiderte Website nach Ihren Anforderungen. Die Website umfasst auch das Design, die grafischen Arbeiten und nat\u00fcrlich den Inhalt. Sie k\u00f6nnen sich darauf verlassen, dass Ihre Website zum Zeitpunkt des Starts alle erforderlichen Funktionen enth\u00e4lt, gem\u00e4\u00df den Vorgaben gestaltet ist und mit Inhalten gef\u00fcllt ist.   <\/p>\n<div class=\"wp-block-image\">\n<figure class=\"alignright size-medium is-resized\"><img data-recalc-dims=\"1\" loading=\"lazy\" decoding=\"async\" width=\"300\" height=\"171\" src=\"https:\/\/i0.wp.com\/www.administor.sk\/wp-content\/uploads\/2024\/06\/image.png?resize=300%2C171&#038;ssl=1\" alt=\"Dienstleistungen\" class=\"wp-image-176\" style=\"width:431px;height:auto\" srcset=\"https:\/\/i0.wp.com\/www.administor.sk\/wp-content\/uploads\/2024\/06\/image.png?resize=300%2C171&amp;ssl=1 300w, https:\/\/i0.wp.com\/www.administor.sk\/wp-content\/uploads\/2024\/06\/image.png?resize=1024%2C585&amp;ssl=1 1024w, https:\/\/i0.wp.com\/www.administor.sk\/wp-content\/uploads\/2024\/06\/image.png?resize=768%2C439&amp;ssl=1 768w, https:\/\/i0.wp.com\/www.administor.sk\/wp-content\/uploads\/2024\/06\/image.png?resize=1536%2C878&amp;ssl=1 1536w, https:\/\/i0.wp.com\/www.administor.sk\/wp-content\/uploads\/2024\/06\/image.png?resize=600%2C343&amp;ssl=1 600w, https:\/\/i0.wp.com\/www.administor.sk\/wp-content\/uploads\/2024\/06\/image.png?w=1792&amp;ssl=1 1792w, https:\/\/i0.wp.com\/www.administor.sk\/wp-content\/uploads\/2024\/06\/image.png?w=1280&amp;ssl=1 1280w\" sizes=\"auto, (max-width: 300px) 100vw, 300px\" \/><\/figure>\n<\/div>\n<h3 class=\"wp-block-heading\">Programmierung von Online-Systemen<\/h3>\n\n<p>Programmieren macht uns Spa\u00df. Ganz gleich, ob Sie ein Bildungssystem (eLearning), eine Inhaltsverwaltung f\u00fcr Hunderte von Ger\u00e4ten in verschiedenen Teilen der Welt oder eine Anwendung ben\u00f6tigen, mit der Ihr Unternehmen dank Automatisierung Hunderttausende von Euro einsparen kann, wir nehmen Ihren Auftrag gerne entgegen. Setzen Sie sich \u00fcber die Seite <a href=\"https:\/\/www.administor.sk\/de\/kontakt\/\" data-type=\"page\" data-id=\"93\">Kontakt<\/a> mit uns in Verbindung.  <\/p>\n\n<h3 class=\"wp-block-heading\">Programmierung von WordPress-Plugins<\/h3>\n\n<p>Haben Sie Ihre Website fertig und k\u00f6nnen kein Plugin finden, das Ihren Anforderungen entspricht? Schicken Sie uns eine E-Mail an <a href=\"mailto:podpora@administor.sk\">podpora@administor.sk<\/a> oder \u00fcber das <a href=\"https:\/\/www.administor.sk\/de\/kontakt\/\" data-type=\"page\" data-id=\"93\">Kontaktformular<\/a>. Wir erstellen Plugins so, dass sie die Website nicht verlangsamen, intuitiv sind und genau so funktionieren, wie Sie es w\u00fcnschen. Au\u00dferdem erhalten Sie kostenlose CZ- und EN-\u00dcbersetzungen und ein Jahr lang technischen Support. Eine Tanzschule, ein Autoimporteur oder ein H\u00e4ndler von Anlagemetallen und -m\u00fcnzen haben zum Beispiel ihr eigenes Plugin von uns.    <\/p>\n\n<h3 class=\"wp-block-heading\">Eine infizierte WordPress-Website reparieren<\/h3>\n\n<p>Der Virus auf der Website sch\u00e4digt den Ruf sowohl der Kunden als auch von Google. Es kann Sie eine Menge Geld kosten, aus den Suchergebnissen entfernt zu werden. Wenn Sie vermuten, dass Ihre Website gehackt wurde, m\u00fcssen Sie <a href=\"https:\/\/www.administor.sk\/navody-napady\/ako-opravit-zavirenu-webstranku-a-ochranit-ju-pred-utokmi\/\" data-type=\"post\" data-id=\"504\">schnell handeln<\/a> und methodisch vorgehen. Wir haben ein Verfahren entwickelt, das daf\u00fcr sorgt, dass Ihre Website innerhalb von 24 Stunden nach Meldung des Problems an <a href=\"mailto:podpora@administor.sk\">podpora@administor.sk wieder sauber und funktionsf\u00e4hig ist .<\/a>   <\/p>\n\n<h3 class=\"wp-block-heading\" id=\"copywriting\">Werbetexten<\/h3>\n\n<p>Wir haben verstanden, was <a href=\"https:\/\/www.ukunu.sk\/\" rel=\"noopener\">Filip Kuna<\/a> mit &#8222;Content is King, distribution is King Kong&#8220; meinte. Wenn wir Ihre Website erstellen, brauchen Sie auch Texte. Beschreibend und informativ, manchmal technisch, aber immer interessant. Mitglieder des Redaktionsteams unseres eigenen Magazins <a href=\"https:\/\/anymag.online\" rel=\"noopener\">anymag.online<\/a> schreiben die Texte f\u00fcr Sie:   <\/p>\n\n<ul class=\"wp-block-list\">\n<li>auf der Website und im Shop &#8211; Kategoriebeschreibungen, Produktbeschreibungen, informative Texte, Leitf\u00e4den und Anleitungen,<\/li>\n\n\n\n<li>in Transaktions-E-Mails &#8211; Texte nach Eingang der Bestellung, nach der Bezahlung, nach dem Versand und alle anderen, die Sie ben\u00f6tigen,<\/li>\n\n\n\n<li>regelm\u00e4\u00dfige Newsletter, einschlie\u00dflich eines Entwurfs der Themen und des Ver\u00f6ffentlichungsplans.<\/li>\n<\/ul>\n\n<p>Sobald Sie den Text auf Ihrer Top-Seite haben, vergessen Sie nicht die Inhalte, f\u00fcr die Sie werben werden, damit Kunden Sie finden k\u00f6nnen. Dazu geh\u00f6ren: <\/p>\n\n<ul class=\"wp-block-list\">\n<li>Blogartikel auf Ihrer Seite,<\/li>\n\n\n\n<li>Artikel, die Sie auf anderen Websites ver\u00f6ffentlichen (z.B. anymag.online oder handmadevyrobky.eu),<\/li>\n\n\n\n<li>Pressemitteilungen, die Sie an Agenturen senden,<\/li>\n\n\n\n<li>Beitr\u00e4ge in sozialen Medien und Videobeschreibungen<\/li>\n<\/ul>\n\n<p>Wir bereiten das alles gerne f\u00fcr Sie vor.<\/p>\n\n<h3 class=\"wp-block-heading\">Ver\u00f6ffentlichung von Promo-Artikeln<\/h3>\n\n<p>Die Erstellung von Inhalten ist auch mit der Ver\u00f6ffentlichung von Inhalten verbunden. Wir ver\u00f6ffentlichen einen von uns geschriebenen oder von Ihnen bereitgestellten Artikel in einem unserer Projekte: <\/p>\n\n<ul class=\"wp-block-list\">\n<li>anymag.online &#8211; allgemeiner Schwerpunkt,  <\/li>\n\n\n\n<li>handmadevyrobky.eu &#8211; Hobby, Rezepte und Haushalt, Werkzeuge und Instrumente,<\/li>\n\n\n\n<li>rocker.sk &#8211; Musikinstrumente, Ausr\u00fcstung, Dienstleistungen f\u00fcr Musiker.<\/li>\n<\/ul>\n\n<p>Links in Artikeln sind &#8222;do follow&#8220;, sie werden permanent ver\u00f6ffentlicht und Artikel k\u00f6nnen verschiedene Multimedia-Inhalte wie Bilder und Galerien, Videos, Musik oder Podcasts, eingebettete Beitr\u00e4ge aus sozialen Netzwerken und alles andere enthalten. Wenn Sie Werbung ben\u00f6tigen, kontaktieren Sie uns bitte \u00fcber <a href=\"https:\/\/www.administor.sk\/de\/kontakt\/\" data-type=\"page\" data-id=\"93\">unsere Kontaktseite<\/a>. <\/p>\n\n<h3 class=\"wp-block-heading\">Grafische Arbeiten<\/h3>\n\n<p>Sie haben wahrscheinlich ein Logo, aber haben Sie es auch in Kurven, um es im Internet, auf einem T-Shirt und auf einer Plakatwand &#8222;scharf&#8220; darzustellen? Machen Sie sich keine Sorgen. Wir erledigen das f\u00fcr Sie, zus\u00e4tzlich zur Erstellung Ihrer neuen Website.  <\/p>\n\n<p>Wenden Sie sich an uns, auch wenn Sie ein neues Logo, eine komplette Corporate Identity mit einem Designhandbuch, Banner, Grafikvorlagen f\u00fcr soziale Netzwerke, Visitenkarten, Aufkleber oder Aufkleber auf dem Auto, 3D-Logos, Rollups ben\u00f6tigen. Wir erf\u00fcllen jede grafische Anforderung, liefern Ihnen Druckunterlagen im richtigen Format und k\u00fcmmern uns bei Bedarf auch um den Druck oder die Produktion.  <\/p>\n\n<p>Besuchen Sie unsere Seite <a href=\"https:\/\/www.administor.sk\/de\/referenzen\/\" data-type=\"page\" data-id=\"41\">Referenzen<\/a>, um unsere Arbeit zu sehen, oder lesen Sie unseren <a href=\"https:\/\/www.administor.sk\/blog\/\" data-type=\"page\" data-id=\"88\">Blog<\/a>.<\/p>\n\n<div style=\"height:50px\" aria-hidden=\"true\" class=\"wp-block-spacer\"><\/div>\n\n<div class=\"wp-block-buttons is-content-justification-center is-layout-flex wp-container-core-buttons-is-layout-16018d1d wp-block-buttons-is-layout-flex\">\n<div class=\"wp-block-button is-style-fill btn-team\"><a class=\"wp-block-button__link has-text-align-center wp-element-button\" href=\"https:\/\/www.administor.sk\/kontakt\/\"><strong>Chcete n\u00e1s do t\u00edmu? Kliknite<\/strong><\/a><\/div>\n<\/div>\n\n<div style=\"height:100px\" aria-hidden=\"true\" class=\"wp-block-spacer\"><\/div>\n","protected":false},"excerpt":{"rendered":"<p>Unsere Dienstleistungen werden von Einzelpersonen, kleineren und gr\u00f6\u00dferen Unternehmen in der Slowakei oder im Ausland in Anspruch genommen. Wir arbeiten auch als professioneller Subunternehmer f\u00fcr Werbe- und Full-Service-Agenturen. Dank der langj\u00e4hrigen Zusammenarbeit mit Kunden und der Erfahrung aus der Durchf\u00fchrung eigener Projekte haben wir eine genaue Vorstellung davon, was getan werden muss, damit der Kunde [&hellip;]<\/p>\n","protected":false},"author":1,"featured_media":0,"parent":0,"menu_order":0,"comment_status":"closed","ping_status":"closed","template":"page-templates\/page-sidebar-none.php","meta":{"_acf_changed":false,"footnotes":""},"class_list":["post-799","page","type-page","status-publish","hentry"],"acf":[],"jetpack_sharing_enabled":true,"_links":{"self":[{"href":"https:\/\/www.administor.sk\/de\/wp-json\/wp\/v2\/pages\/799","targetHints":{"allow":["GET"]}}],"collection":[{"href":"https:\/\/www.administor.sk\/de\/wp-json\/wp\/v2\/pages"}],"about":[{"href":"https:\/\/www.administor.sk\/de\/wp-json\/wp\/v2\/types\/page"}],"author":[{"embeddable":true,"href":"https:\/\/www.administor.sk\/de\/wp-json\/wp\/v2\/users\/1"}],"replies":[{"embeddable":true,"href":"https:\/\/www.administor.sk\/de\/wp-json\/wp\/v2\/comments?post=799"}],"version-history":[{"count":1,"href":"https:\/\/www.administor.sk\/de\/wp-json\/wp\/v2\/pages\/799\/revisions"}],"predecessor-version":[{"id":800,"href":"https:\/\/www.administor.sk\/de\/wp-json\/wp\/v2\/pages\/799\/revisions\/800"}],"wp:attachment":[{"href":"https:\/\/www.administor.sk\/de\/wp-json\/wp\/v2\/media?parent=799"}],"curies":[{"name":"wp","href":"https:\/\/api.w.org\/{rel}","templated":true}]}}