{"id":784,"date":"2024-06-14T21:39:01","date_gmt":"2024-06-14T19:39:01","guid":{"rendered":"https:\/\/www.administor.sk\/kontakt\/"},"modified":"2025-03-16T22:23:58","modified_gmt":"2025-03-16T21:23:58","slug":"kontakt","status":"publish","type":"page","link":"https:\/\/www.administor.sk\/de\/kontakt\/","title":{"rendered":"Kontakt"},"content":{"rendered":"\n<p>Alle Kontakte an einem Ort verf\u00fcgbar. Wir verstecken uns nicht. Warum sollten wir das tun?  <\/p>\n\n<p>Wir beantworten E-Mails und Telefonanrufe von Kunden, wir nehmen keine Anzahlungen im Voraus, was wir versprechen, halten wir auch. Wir arbeiten mit kleinen Unternehmen, gr\u00f6\u00dferen Kunden und Werbeagenturen zusammen. Mehr \u00fcber unsere Arbeit und Projekte finden Sie auf unserer Seite <a href=\"https:\/\/www.administor.sk\/spoluprace-projekty\/\" data-type=\"page\" data-id=\"96\">Kooperationen, Projekte<\/a> oder <a href=\"https:\/\/www.administor.sk\/referencie\/\" data-type=\"page\" data-id=\"41\">Referenzen<\/a>.    <\/p>\n\n<div class=\"wp-block-columns is-layout-flex wp-container-core-columns-is-layout-9d6595d7 wp-block-columns-is-layout-flex\">\n<div class=\"wp-block-column is-layout-flow wp-block-column-is-layout-flow\">\n<h2 class=\"wp-block-heading\">Kontaktangaben<\/h2>\n\n\n\n<p>Administ\u00f6r s.r.o.<br\/>Partiz\u00e1nska 800\/17<br\/>Tren\u010d\u00edn 911 01<\/p>\n\n\n\n<p>I\u010cO: 48 252 034<br\/>DI\u010c\/I\u010c DPH: SK212 010 6802<\/p>\n\n\n\n<p>Das Unternehmen ist im Handelsregister des Bezirksgerichts von Tren\u010d\u00edn, Abteilung Sro, eingetragen.  <a href=\"https:\/\/www.orsr.sk\/vypis.asp?ID=331324&amp;SID=6&amp;P=0\" target=\"_blank\" rel=\"noreferrer noopener\">31887\/R<\/a><\/p>\n\n\n\n<h3 class=\"wp-block-heading\">Online Kontakte<\/h3>\n\n\n\n<p>Nur zum Plaudern: <a href=\"mailto:bezstarosti@administor.sk\">bezstarosti@administor.sk<\/a><br\/>Beratung, Reparatur: <a href=\"mailto:podpora@administor.sk\">podpora@administor.sk<\/a><br\/>Dringender Anruf: <a href=\"tel:%20+421904488148\">+421 904 488 148<\/a><\/p>\n<\/div>\n\n\n\n<div class=\"wp-block-column is-layout-flow wp-block-column-is-layout-flow\">\n<h2 class=\"wp-block-heading\">Schreiben Sie uns<\/h2>\n\n\n\n<p>Als gute Webmaster sind wir fast die ganze Zeit online, so dass Sie nicht lange auf eine Antwort warten m\u00fcssen. F\u00fcllen Sie das untenstehende Formular aus und Sie erhalten sehr schnell eine Antwort. <\/p>\n\n\n\n<div class=\"wp-block-contact-form-7-contact-form-selector\">\n<div class=\"wpcf7 no-js\" id=\"wpcf7-f812-o1\" lang=\"de-DE\" dir=\"ltr\" data-wpcf7-id=\"812\">\n<div class=\"screen-reader-response\"><p role=\"status\" aria-live=\"polite\" aria-atomic=\"true\"><\/p> <ul><\/ul><\/div>\n<form action=\"\/de\/wp-json\/wp\/v2\/pages\/784#wpcf7-f812-o1\" method=\"post\" class=\"wpcf7-form init\" aria-label=\"Kontaktformular\" novalidate=\"novalidate\" data-status=\"init\">\n<fieldset class=\"hidden-fields-container\"><input type=\"hidden\" name=\"_wpcf7\" value=\"812\" \/><input type=\"hidden\" name=\"_wpcf7_version\" value=\"6.1.5\" \/><input type=\"hidden\" name=\"_wpcf7_locale\" value=\"de_DE\" \/><input type=\"hidden\" name=\"_wpcf7_unit_tag\" value=\"wpcf7-f812-o1\" \/><input type=\"hidden\" name=\"_wpcf7_container_post\" value=\"0\" \/><input type=\"hidden\" name=\"_wpcf7_posted_data_hash\" value=\"\" \/>\n<\/fieldset>\n<div class=\"wpcf7-turnstile cf-turnstile\" data-sitekey=\"0x4AAAAAAAeM8QLiXqFWbVtG\" data-response-field-name=\"_wpcf7_turnstile_response\"><\/div>\n\n<p><label> Ihr Name<br \/>\n<span class=\"wpcf7-form-control-wrap\" data-name=\"your-name\"><input size=\"40\" maxlength=\"400\" class=\"wpcf7-form-control wpcf7-text wpcf7-validates-as-required\" autocomplete=\"name\" aria-required=\"true\" aria-invalid=\"false\" value=\"\" type=\"text\" name=\"your-name\" \/><\/span> <\/label>\n<\/p>\n<p><label> Ihre E-Mail<br \/>\n<span class=\"wpcf7-form-control-wrap\" data-name=\"your-email\"><input size=\"40\" maxlength=\"400\" class=\"wpcf7-form-control wpcf7-email wpcf7-validates-as-required wpcf7-text wpcf7-validates-as-email\" autocomplete=\"email\" aria-required=\"true\" aria-invalid=\"false\" value=\"\" type=\"email\" name=\"your-email\" \/><\/span> <\/label>\n<\/p>\n<p><label> Thema<br \/>\n<span class=\"wpcf7-form-control-wrap\" data-name=\"your-subject\"><input size=\"40\" maxlength=\"400\" class=\"wpcf7-form-control wpcf7-text wpcf7-validates-as-required\" aria-required=\"true\" aria-invalid=\"false\" value=\"\" type=\"text\" name=\"your-subject\" \/><\/span> <\/label>\n<\/p>\n<p><label> Ihre Nachricht\/Frage (optional)<br \/>\n<span class=\"wpcf7-form-control-wrap\" data-name=\"your-message\"><textarea cols=\"40\" rows=\"10\" maxlength=\"2000\" class=\"wpcf7-form-control wpcf7-textarea\" aria-invalid=\"false\" name=\"your-message\"><\/textarea><\/span> <\/label>\n<\/p>\n<p><span class=\"wpcf7-form-control-wrap\" data-name=\"gdpr\"><span class=\"wpcf7-form-control wpcf7-acceptance\"><span class=\"wpcf7-list-item\"><label><input type=\"checkbox\" name=\"gdpr\" value=\"1\" aria-invalid=\"false\" \/><span class=\"wpcf7-list-item-label\">Ich stimme der Verarbeitung meiner pers\u00f6nlichen Daten f\u00fcr Kommunikationszwecke zu<\/span><\/label><\/span><\/span><\/span>\n<\/p>\n<div class=\"wpcf7-textright\">\n\t<p><div class=\"cf7-cf-turnstile\" style=\"margin-top: 0px; margin-bottom: -15px;\"> <div id=\"cf-turnstile-cf7-2049427241\" class=\"cf-turnstile\" data-callback=\"turnstileCF7Callback\" data-sitekey=\"0x4AAAAAAAeM8QLiXqFWbVtG\" data-theme=\"auto\" data-language=\"auto\" data-size=\"normal\" data-retry=\"auto\" data-retry-interval=\"1000\" data-refresh-expired=\"auto\" data-refresh-timeout=\"auto\" data-action=\"contact-form-7\" data-callback=\"turnstileCF7Callback\" data-error-callback=\"cfturnstileErrorCallback\" data-appearance=\"interaction-only\"><\/div> <div class=\"cf-turnstile-failed-text cf-turnstile-failed-text-cf7-2049427241\"><\/div> <script> function cfturnstileErrorCallback() { var cfTurnstileFailedText = document.querySelector('.cf-turnstile-failed-text-cf7-2049427241'); cfTurnstileFailedText.innerHTML = '<p><i>Failed to verify you are human. Please contact us if you are having issues.<\/i><\/p>'; } function cfturnstileCallback() { var cfTurnstileFailedText = document.querySelector('.cf-turnstile-failed-text-cf7-2049427241'); cfTurnstileFailedText.innerHTML = ''; } <\/script> <style>.wpcf7-submit { pointer-events: none; opacity: 0.5; }<\/style> <script>document.addEventListener(\"DOMContentLoaded\", function() { setTimeout(function(){ var e=document.getElementById(\"cf-turnstile-cf7-2049427241\"); if(e&&!e.innerHTML.trim()){turnstile.render(e, {sitekey:\"0x4AAAAAAAeM8QLiXqFWbVtG\"});} }, 200); });<\/script> <style>#cf-turnstile-cf7-2049427241 iframe { margin-bottom: 15px; }<\/style> <style>#cf-turnstile-cf7-2049427241 { margin-left: -15px; }<\/style> <script>document.addEventListener(\"DOMContentLoaded\",function(){document.querySelectorAll('.wpcf7-form').forEach(function(e){e.addEventListener('submit',function(){if(document.getElementById('cf-turnstile-cf7-2049427241')){setTimeout(function(){turnstile.reset('#cf-turnstile-cf7-2049427241');},1000)}})})});<\/script> <\/div><br\/><input class=\"wpcf7-form-control wpcf7-submit has-spinner\" type=\"submit\" value=\"Senden an\" \/>\n\t<\/p>\n<\/div><div class=\"wpcf7-response-output\" aria-hidden=\"true\"><\/div>\n<\/form>\n<\/div>\n<\/div>\n<\/div>\n\n\n\n<div class=\"wp-block-column is-layout-flow wp-block-column-is-layout-flow\">\n<figure class=\"wp-block-image size-full\"><img data-recalc-dims=\"1\" loading=\"lazy\" decoding=\"async\" width=\"400\" height=\"533\" src=\"https:\/\/i0.wp.com\/www.administor.sk\/wp-content\/uploads\/2025\/02\/contact-4a.jpg?resize=400%2C533&#038;ssl=1\" alt=\"Kontaktieren Sie uns +421 904 488 148, podpora@administor.sk\" class=\"wp-image-499\" srcset=\"https:\/\/i0.wp.com\/www.administor.sk\/wp-content\/uploads\/2025\/02\/contact-4a.jpg?w=400&amp;ssl=1 400w, https:\/\/i0.wp.com\/www.administor.sk\/wp-content\/uploads\/2025\/02\/contact-4a.jpg?resize=225%2C300&amp;ssl=1 225w\" sizes=\"auto, (max-width: 400px) 100vw, 400px\" \/><\/figure>\n<\/div>\n<\/div>\n\n<div style=\"height:30px\" aria-hidden=\"true\" class=\"wp-block-spacer\"><\/div>\n\n<h2 class=\"wp-block-heading\">Kurze Antworten auf einige Ihrer Fragen<\/h2>\n\n<ol class=\"wp-block-list\">\n<li><strong>Wie lange dauert es, eine einfache Seite zu erstellen?<\/strong><br\/>Sie k\u00f6nnen sehr schnell eine einfache, informative Seite online haben. Gemeinsam mit Ihnen legen wir eine inhaltliche Struktur fest, w\u00e4hlen eine geeignete Vorlage aus und erstellen die Seite aus den gelieferten Dokumenten innerhalb weniger Tage. Ausf\u00fchrlichere Informationen finden Sie auf der Seite <a href=\"https:\/\/www.administor.sk\/sluzby\/\" data-type=\"page\" data-id=\"118\">Services<\/a>.  <\/li>\n\n\n\n<li><strong>Kann ich mich selbst um die Website k\u00fcmmern oder muss ich immer mit jeder Kleinigkeit auf Sie warten?<\/strong><br\/>Sie oder Ihre Mitarbeiter k\u00f6nnen sich um den Inhalt der Seite k\u00fcmmern. Sobald die Seite \u00fcbergeben ist, erhalten Sie eine Schulung, damit Sie wissen, was wo steht und wie Sie es bearbeiten k\u00f6nnen. \u00dcberlassen Sie die technische Wartung jedoch uns. In dem Artikel <a href=\"https:\/\/www.administor.sk\/navody-napady\/ako-sa-starame-o-stranky-klientov\/\" data-type=\"post\" data-id=\"137\">Wie wir uns um die Websites unserer Kunden k\u00fcmmern<\/a> haben wir aufgeschrieben, was alles dazu geh\u00f6rt.   <\/li>\n\n\n\n<li><strong>Ich habe meine alte Website und m\u00f6chte sie verbessern. Ist das m\u00f6glich oder muss ich eine komplett neue Seite erstellen lassen? <\/strong><br\/>Er wird und er wird nicht. Wir werden das individuell beurteilen, denn jede Website ist anders. Da wir echte Programmierer sind, k\u00f6nnen wir eine Menge Dinge einsparen und erneuern. Wir werden eine komplett neue Website nur dann empfehlen, wenn sie wirtschaftlich sinnvoll ist und die Kosten die Vorteile nicht \u00fcberwiegen.   <\/li>\n\n\n\n<li><strong>Wir m\u00f6chten eine neue Website mit einem Eshop und haben ein Budget von 700 \u20ac. K\u00f6nnen Sie diesen Betrag einhalten? <\/strong><br\/>Die Website ist Ihr Angestellter, der nicht krank wird, keine Pausen braucht und nicht mindestens zweimal im Jahr nach Boni fragt. Zusammen mit dem E-Shop verdient er Geld, wenn Sie schlafen, wenn Sie Urlaub machen, sogar wenn Sie krank sind. Die Antwort lautet: &#8222;Nein, wir passen nicht&#8220;. Unsere Erfahrung spricht eine deutliche Sprache:   <\/li>\n<\/ol>\n\n<div class=\"center-content\"><div class=\"bq-box\"><i class=\"fas fa-quote-left fa2\"><\/i>\n  <div class=\"text\"><i class=\"fas fa-quote-right fa1\"><\/i>\n    <div>\n      <h3>Wir wissen aus Erfahrung<\/h3>\n      <p>Sowohl teure als auch billige Websites werden Sie letztendlich das Gleiche kosten. Wenn Sie jetzt Geld sparen, haben Sie in Zukunft h\u00f6here Kosten, Nerven und verschwendete Zeit mit Reparaturen. Behalten Sie dies im Hinterkopf, wenn Sie Ihr Budget f\u00fcr eine neue Website festlegen.  <\/p>\n    <\/div>\n  <\/div>\n<\/div><\/div>\n\n<div style=\"height:30px\" aria-hidden=\"true\" class=\"wp-block-spacer\"><\/div>\n\n<div class=\"wp-block-buttons is-content-justification-center is-layout-flex wp-container-core-buttons-is-layout-16018d1d wp-block-buttons-is-layout-flex\">\n<div class=\"wp-block-button btn-team\"><a class=\"wp-block-button__link wp-element-button\" href=\"#main\"><strong>Zur\u00fcck zu Kontakte<\/strong><\/a><\/div>\n<\/div>\n\n<div style=\"height:100px\" aria-hidden=\"true\" class=\"wp-block-spacer\"><\/div>\n","protected":false},"excerpt":{"rendered":"<p>Alle Kontakte an einem Ort verf\u00fcgbar. Wir verstecken uns nicht. Warum sollten wir das tun? Wir beantworten E-Mails und Telefonanrufe von Kunden, wir nehmen keine Anzahlungen im Voraus, was wir versprechen, halten wir auch. Wir arbeiten mit kleinen Unternehmen, gr\u00f6\u00dferen Kunden und Werbeagenturen zusammen. Mehr \u00fcber unsere Arbeit und Projekte finden Sie auf unserer Seite [&hellip;]<\/p>\n","protected":false},"author":1,"featured_media":0,"parent":0,"menu_order":0,"comment_status":"closed","ping_status":"closed","template":"page-templates\/page-sidebar-none.php","meta":{"_acf_changed":false,"footnotes":""},"class_list":["post-784","page","type-page","status-publish","hentry"],"acf":[],"jetpack_sharing_enabled":true,"_links":{"self":[{"href":"https:\/\/www.administor.sk\/de\/wp-json\/wp\/v2\/pages\/784","targetHints":{"allow":["GET"]}}],"collection":[{"href":"https:\/\/www.administor.sk\/de\/wp-json\/wp\/v2\/pages"}],"about":[{"href":"https:\/\/www.administor.sk\/de\/wp-json\/wp\/v2\/types\/page"}],"author":[{"embeddable":true,"href":"https:\/\/www.administor.sk\/de\/wp-json\/wp\/v2\/users\/1"}],"replies":[{"embeddable":true,"href":"https:\/\/www.administor.sk\/de\/wp-json\/wp\/v2\/comments?post=784"}],"version-history":[{"count":1,"href":"https:\/\/www.administor.sk\/de\/wp-json\/wp\/v2\/pages\/784\/revisions"}],"predecessor-version":[{"id":785,"href":"https:\/\/www.administor.sk\/de\/wp-json\/wp\/v2\/pages\/784\/revisions\/785"}],"wp:attachment":[{"href":"https:\/\/www.administor.sk\/de\/wp-json\/wp\/v2\/media?parent=784"}],"curies":[{"name":"wp","href":"https:\/\/api.w.org\/{rel}","templated":true}]}}